{"id":18540,"date":"2024-04-21T12:09:20","date_gmt":"2024-04-21T11:09:20","guid":{"rendered":"https:\/\/hobbrand.com\/?post_type=product&#038;p=18540"},"modified":"2025-07-05T01:09:24","modified_gmt":"2025-07-05T00:09:24","slug":"baskets-souples-premiers-pas-zayn","status":"publish","type":"product","link":"https:\/\/hobbrand.com\/en\/happy-feet\/baskets-souples-premiers-pas-zayn\/","title":{"rendered":"ZAYN"},"content":{"rendered":"<ul>\n<li style=\"font-weight: 400;\" aria-level=\"1\"><span style=\"font-weight: 400;\">Baskets 100% cuir \u00e0 tannage v\u00e9g\u00e9tal\u00a0<\/span><\/li>\n<li style=\"font-weight: 400;\" aria-level=\"1\"><span style=\"font-weight: 400;\">Vegetable-tanned leather interior lining<\/span><\/li>\n<li style=\"font-weight: 400;\" aria-level=\"1\"><span style=\"font-weight: 400;\">Anti-slip soles for indoor and outdoor use<\/span><\/li>\n<li aria-level=\"1\">Renfort \u00e0 l&rsquo;avant pour une solidit\u00e9 \u00e0 toute \u00e9preuve.<\/li>\n<li style=\"font-weight: 400;\" aria-level=\"1\"><span style=\"font-weight: 400;\">Adjustable scratches<\/span><\/li>\n<li style=\"font-weight: 400;\" aria-level=\"1\"><span style=\"font-weight: 400;\">Eco-friendly product<\/span><\/li>\n<li style=\"font-weight: 400;\" aria-level=\"1\"><span style=\"font-weight: 400;\">Reusable packaging<\/span><\/li>\n<li style=\"font-weight: 400;\" aria-level=\"1\"><span style=\"font-weight: 400;\">If you hesitate between two sizes, prefer the larger size.<\/span><\/li>\n<li style=\"font-weight: 400;\" aria-level=\"1\"><span style=\"font-weight: 400;\">This model is adapted to all types of feet<\/span><\/li>\n<\/ul>","protected":false},"excerpt":{"rendered":"<p>D\u00e9couvrez nos baskets souples premiers pas Zayn, con\u00e7ues pour offrir confort et style \u00e0 votre b\u00e9b\u00e9. Fabriqu\u00e9es avec un cuir souple \u00e0 tannage v\u00e9g\u00e9tal et une semelle antid\u00e9rapante, ces baskets garantissent une marche s\u00fbre et stable. Avec leur design \u00e9l\u00e9gant et leur doublure int\u00e9rieure en cuir \u00e0 tannage v\u00e9g\u00e9tal, elles sont parfaites pour toutes les occasions, que ce soit pour les premi\u00e8res explorations ou les sorties en famille. Disponibles dans une gamme de couleurs tendance, les baskets Zayn sont un choix parfait pour accompagner les premiers pas de votre enfant tout au long du printemps et de l&rsquo;\u00e9t\u00e9.<\/p>","protected":false},"author":200,"featured_media":18383,"comment_status":"open","ping_status":"closed","template":"","meta":{"_uag_custom_page_level_css":"","advgb_blocks_editor_width":"","advgb_blocks_columns_visual_guide":"","site-sidebar-layout":"default","site-content-layout":"","ast-site-content-layout":"default","site-content-style":"default","site-sidebar-style":"default","ast-global-header-display":"","ast-banner-title-visibility":"","ast-main-header-display":"","ast-hfb-above-header-display":"","ast-hfb-below-header-display":"","ast-hfb-mobile-header-display":"","site-post-title":"","ast-breadcrumbs-content":"","ast-featured-img":"","footer-sml-layout":"","ast-disable-related-posts":"","theme-transparent-header-meta":"default","adv-header-id-meta":"","stick-header-meta":"","header-above-stick-meta":"","header-main-stick-meta":"","header-below-stick-meta":"","astra-migrate-meta-layouts":"set","ast-page-background-enabled":"default","ast-page-background-meta":{"desktop":{"background-color":"var(--ast-global-color-4)","background-image":"","background-repeat":"repeat","background-position":"center center","background-size":"auto","background-attachment":"scroll","background-type":"","background-media":"","overlay-type":"","overlay-color":"","overlay-opacity":"","overlay-gradient":""},"tablet":{"background-color":"","background-image":"","background-repeat":"repeat","background-position":"center center","background-size":"auto","background-attachment":"scroll","background-type":"","background-media":"","overlay-type":"","overlay-color":"","overlay-opacity":"","overlay-gradient":""},"mobile":{"background-color":"","background-image":"","background-repeat":"repeat","background-position":"center center","background-size":"auto","background-attachment":"scroll","background-type":"","background-media":"","overlay-type":"","overlay-color":"","overlay-opacity":"","overlay-gradient":""}},"ast-content-background-meta":{"desktop":{"background-color":"var(--ast-global-color-5)","background-image":"","background-repeat":"repeat","background-position":"center center","background-size":"auto","background-attachment":"scroll","background-type":"","background-media":"","overlay-type":"","overlay-color":"","overlay-opacity":"","overlay-gradient":""},"tablet":{"background-color":"var(--ast-global-color-5)","background-image":"","background-repeat":"repeat","background-position":"center center","background-size":"auto","background-attachment":"scroll","background-type":"","background-media":"","overlay-type":"","overlay-color":"","overlay-opacity":"","overlay-gradient":""},"mobile":{"background-color":"var(--ast-global-color-5)","background-image":"","background-repeat":"repeat","background-position":"center center","background-size":"auto","background-attachment":"scroll","background-type":"","background-media":"","overlay-type":"","overlay-color":"","overlay-opacity":"","overlay-gradient":""}}},"product_brand":[],"product_cat":[160,58],"product_tag":[],"class_list":{"0":"post-18540","1":"product","2":"type-product","3":"status-publish","4":"has-post-thumbnail","6":"product_cat-back-to-school","7":"product_cat-zayn-bien-dans-mes-baskets","8":"pa_size-18-19","9":"pa_size-20-21","10":"pa_size-22-23","11":"pa_size-72","12":"desktop-align-left","13":"tablet-align-left","14":"mobile-align-left","16":"first","17":"instock","18":"taxable","19":"shipping-taxable","20":"purchasable","21":"product-type-variable"},"yoast_head":"<!-- This site is optimized with the Yoast SEO plugin v25.9 - https:\/\/yoast.com\/wordpress\/plugins\/seo\/ -->\n<title>Baskets souples, premiers pas, confortables, \u00e9l\u00e9gantes pour b\u00e9b\u00e9<\/title>\n<meta name=\"description\" content=\"D\u00e9couvrez nos baskets souples premiers pas Zayn, con\u00e7ues pour offrir confort et style \u00e0 votre b\u00e9b\u00e9. Fabriqu\u00e9es avec un cuir souple \u00e0 tannage v\u00e9g\u00e9tal et une semelle antid\u00e9rapante, ces baskets garantissent une marche s\u00fbre et stable. Avec leur design \u00e9l\u00e9gant et leur doublure int\u00e9rieure en cuir \u00e0 tannage v\u00e9g\u00e9tal, elles sont parfaites pour toutes les occasions, que ce soit pour les premi\u00e8res explorations ou les sorties en famille. Disponibles dans une gamme de couleurs tendance, les baskets Zayn sont un choix parfait pour accompagner les premiers pas de votre enfant tout au long du printemps et de l&#039;\u00e9t\u00e9.\" \/>\n<meta name=\"robots\" content=\"index, follow, max-snippet:-1, max-image-preview:large, max-video-preview:-1\" \/>\n<link rel=\"canonical\" href=\"https:\/\/hobbrand.com\/en\/happy-feet\/baskets-souples-premiers-pas-zayn\/\" \/>\n<meta property=\"og:locale\" content=\"en_US\" \/>\n<meta property=\"og:type\" content=\"article\" \/>\n<meta property=\"og:title\" content=\"Baskets souples, premiers pas, confortables, \u00e9l\u00e9gantes pour b\u00e9b\u00e9\" \/>\n<meta property=\"og:description\" content=\"D\u00e9couvrez nos baskets souples premiers pas Zayn, con\u00e7ues pour offrir confort et style \u00e0 votre b\u00e9b\u00e9. Fabriqu\u00e9es avec un cuir souple \u00e0 tannage v\u00e9g\u00e9tal et une semelle antid\u00e9rapante, ces baskets garantissent une marche s\u00fbre et stable. Avec leur design \u00e9l\u00e9gant et leur doublure int\u00e9rieure en cuir \u00e0 tannage v\u00e9g\u00e9tal, elles sont parfaites pour toutes les occasions, que ce soit pour les premi\u00e8res explorations ou les sorties en famille. Disponibles dans une gamme de couleurs tendance, les baskets Zayn sont un choix parfait pour accompagner les premiers pas de votre enfant tout au long du printemps et de l&#039;\u00e9t\u00e9.\" \/>\n<meta property=\"og:url\" content=\"https:\/\/hobbrand.com\/en\/happy-feet\/baskets-souples-premiers-pas-zayn\/\" \/>\n<meta property=\"og:site_name\" content=\"HOB BRAND\" \/>\n<meta property=\"article:publisher\" content=\"https:\/\/web.facebook.com\/hobfeelgoods\/\" \/>\n<meta property=\"article:modified_time\" content=\"2025-07-05T00:09:24+00:00\" \/>\n<meta property=\"og:image\" content=\"https:\/\/hobbrand.com\/wp-content\/uploads\/2024\/04\/HOB1640-scaled.jpg\" \/>\n\t<meta property=\"og:image:width\" content=\"2560\" \/>\n\t<meta property=\"og:image:height\" content=\"2560\" \/>\n\t<meta property=\"og:image:type\" content=\"image\/jpeg\" \/>\n<meta name=\"twitter:card\" content=\"summary_large_image\" \/>\n<meta name=\"twitter:label1\" content=\"Est. reading time\" \/>\n\t<meta name=\"twitter:data1\" content=\"1 minute\" \/>\n<script type=\"application\/ld+json\" class=\"yoast-schema-graph\">{\"@context\":\"https:\/\/schema.org\",\"@graph\":[{\"@type\":\"WebPage\",\"@id\":\"https:\/\/hobbrand.com\/happy-feet\/baskets-souples-premiers-pas-zayn\/\",\"url\":\"https:\/\/hobbrand.com\/happy-feet\/baskets-souples-premiers-pas-zayn\/\",\"name\":\"Baskets souples, premiers pas, confortables, \u00e9l\u00e9gantes pour b\u00e9b\u00e9\",\"isPartOf\":{\"@id\":\"https:\/\/hobbrand.com\/#website\"},\"primaryImageOfPage\":{\"@id\":\"https:\/\/hobbrand.com\/happy-feet\/baskets-souples-premiers-pas-zayn\/#primaryimage\"},\"image\":{\"@id\":\"https:\/\/hobbrand.com\/happy-feet\/baskets-souples-premiers-pas-zayn\/#primaryimage\"},\"thumbnailUrl\":\"https:\/\/hobbrand.com\/wp-content\/uploads\/2024\/04\/HOB1640-scaled.jpg\",\"datePublished\":\"2024-04-21T11:09:20+00:00\",\"dateModified\":\"2025-07-05T00:09:24+00:00\",\"description\":\"D\u00e9couvrez nos baskets souples premiers pas Zayn, con\u00e7ues pour offrir confort et style \u00e0 votre b\u00e9b\u00e9. Fabriqu\u00e9es avec un cuir souple \u00e0 tannage v\u00e9g\u00e9tal et une semelle antid\u00e9rapante, ces baskets garantissent une marche s\u00fbre et stable. Avec leur design \u00e9l\u00e9gant et leur doublure int\u00e9rieure en cuir \u00e0 tannage v\u00e9g\u00e9tal, elles sont parfaites pour toutes les occasions, que ce soit pour les premi\u00e8res explorations ou les sorties en famille. Disponibles dans une gamme de couleurs tendance, les baskets Zayn sont un choix parfait pour accompagner les premiers pas de votre enfant tout au long du printemps et de l'\u00e9t\u00e9.\",\"breadcrumb\":{\"@id\":\"https:\/\/hobbrand.com\/happy-feet\/baskets-souples-premiers-pas-zayn\/#breadcrumb\"},\"inLanguage\":\"en-US\",\"potentialAction\":[{\"@type\":\"ReadAction\",\"target\":[\"https:\/\/hobbrand.com\/happy-feet\/baskets-souples-premiers-pas-zayn\/\"]}]},{\"@type\":\"ImageObject\",\"inLanguage\":\"en-US\",\"@id\":\"https:\/\/hobbrand.com\/happy-feet\/baskets-souples-premiers-pas-zayn\/#primaryimage\",\"url\":\"https:\/\/hobbrand.com\/wp-content\/uploads\/2024\/04\/HOB1640-scaled.jpg\",\"contentUrl\":\"https:\/\/hobbrand.com\/wp-content\/uploads\/2024\/04\/HOB1640-scaled.jpg\",\"width\":2560,\"height\":2560},{\"@type\":\"BreadcrumbList\",\"@id\":\"https:\/\/hobbrand.com\/happy-feet\/baskets-souples-premiers-pas-zayn\/#breadcrumb\",\"itemListElement\":[{\"@type\":\"ListItem\",\"position\":1,\"name\":\"Hob Baby Shoes\",\"item\":\"https:\/\/hobbrand.com\/a-better-start\/\"},{\"@type\":\"ListItem\",\"position\":2,\"name\":\"ZAYN\"}]},{\"@type\":\"WebSite\",\"@id\":\"https:\/\/hobbrand.com\/#website\",\"url\":\"https:\/\/hobbrand.com\/\",\"name\":\"HOB BRAND\",\"description\":\"A BETTER START\",\"publisher\":{\"@id\":\"https:\/\/hobbrand.com\/#organization\"},\"potentialAction\":[{\"@type\":\"SearchAction\",\"target\":{\"@type\":\"EntryPoint\",\"urlTemplate\":\"https:\/\/hobbrand.com\/?s={search_term_string}\"},\"query-input\":{\"@type\":\"PropertyValueSpecification\",\"valueRequired\":true,\"valueName\":\"search_term_string\"}}],\"inLanguage\":\"en-US\"},{\"@type\":\"Organization\",\"@id\":\"https:\/\/hobbrand.com\/#organization\",\"name\":\"HOB BRAND\",\"url\":\"https:\/\/hobbrand.com\/\",\"logo\":{\"@type\":\"ImageObject\",\"inLanguage\":\"en-US\",\"@id\":\"https:\/\/hobbrand.com\/#\/schema\/logo\/image\/\",\"url\":\"https:\/\/hobbrand.com\/wp-content\/uploads\/2022\/11\/cropped-cropped-Logo_450_250.png\",\"contentUrl\":\"https:\/\/hobbrand.com\/wp-content\/uploads\/2022\/11\/cropped-cropped-Logo_450_250.png\",\"width\":450,\"height\":232,\"caption\":\"HOB BRAND\"},\"image\":{\"@id\":\"https:\/\/hobbrand.com\/#\/schema\/logo\/image\/\"},\"sameAs\":[\"https:\/\/web.facebook.com\/hobfeelgoods\/\",\"https:\/\/www.instagram.com\/hob_brand\/\"]}]}<\/script>\n<!-- \/ Yoast SEO plugin. -->","yoast_head_json":{"title":"Baskets souples, premiers pas, confortables, \u00e9l\u00e9gantes pour b\u00e9b\u00e9","description":"D\u00e9couvrez nos baskets souples premiers pas Zayn, con\u00e7ues pour offrir confort et style \u00e0 votre b\u00e9b\u00e9. Fabriqu\u00e9es avec un cuir souple \u00e0 tannage v\u00e9g\u00e9tal et une semelle antid\u00e9rapante, ces baskets garantissent une marche s\u00fbre et stable. Avec leur design \u00e9l\u00e9gant et leur doublure int\u00e9rieure en cuir \u00e0 tannage v\u00e9g\u00e9tal, elles sont parfaites pour toutes les occasions, que ce soit pour les premi\u00e8res explorations ou les sorties en famille. Disponibles dans une gamme de couleurs tendance, les baskets Zayn sont un choix parfait pour accompagner les premiers pas de votre enfant tout au long du printemps et de l'\u00e9t\u00e9.","robots":{"index":"index","follow":"follow","max-snippet":"max-snippet:-1","max-image-preview":"max-image-preview:large","max-video-preview":"max-video-preview:-1"},"canonical":"https:\/\/hobbrand.com\/en\/happy-feet\/baskets-souples-premiers-pas-zayn\/","og_locale":"en_US","og_type":"article","og_title":"Baskets souples, premiers pas, confortables, \u00e9l\u00e9gantes pour b\u00e9b\u00e9","og_description":"D\u00e9couvrez nos baskets souples premiers pas Zayn, con\u00e7ues pour offrir confort et style \u00e0 votre b\u00e9b\u00e9. Fabriqu\u00e9es avec un cuir souple \u00e0 tannage v\u00e9g\u00e9tal et une semelle antid\u00e9rapante, ces baskets garantissent une marche s\u00fbre et stable. Avec leur design \u00e9l\u00e9gant et leur doublure int\u00e9rieure en cuir \u00e0 tannage v\u00e9g\u00e9tal, elles sont parfaites pour toutes les occasions, que ce soit pour les premi\u00e8res explorations ou les sorties en famille. Disponibles dans une gamme de couleurs tendance, les baskets Zayn sont un choix parfait pour accompagner les premiers pas de votre enfant tout au long du printemps et de l'\u00e9t\u00e9.","og_url":"https:\/\/hobbrand.com\/en\/happy-feet\/baskets-souples-premiers-pas-zayn\/","og_site_name":"HOB BRAND","article_publisher":"https:\/\/web.facebook.com\/hobfeelgoods\/","article_modified_time":"2025-07-05T00:09:24+00:00","og_image":[{"width":2560,"height":2560,"url":"https:\/\/hobbrand.com\/wp-content\/uploads\/2024\/04\/HOB1640-scaled.jpg","type":"image\/jpeg"}],"twitter_card":"summary_large_image","twitter_misc":{"Est. reading time":"1 minute"},"schema":{"@context":"https:\/\/schema.org","@graph":[{"@type":"WebPage","@id":"https:\/\/hobbrand.com\/happy-feet\/baskets-souples-premiers-pas-zayn\/","url":"https:\/\/hobbrand.com\/happy-feet\/baskets-souples-premiers-pas-zayn\/","name":"Baskets souples, premiers pas, confortables, \u00e9l\u00e9gantes pour b\u00e9b\u00e9","isPartOf":{"@id":"https:\/\/hobbrand.com\/#website"},"primaryImageOfPage":{"@id":"https:\/\/hobbrand.com\/happy-feet\/baskets-souples-premiers-pas-zayn\/#primaryimage"},"image":{"@id":"https:\/\/hobbrand.com\/happy-feet\/baskets-souples-premiers-pas-zayn\/#primaryimage"},"thumbnailUrl":"https:\/\/hobbrand.com\/wp-content\/uploads\/2024\/04\/HOB1640-scaled.jpg","datePublished":"2024-04-21T11:09:20+00:00","dateModified":"2025-07-05T00:09:24+00:00","description":"D\u00e9couvrez nos baskets souples premiers pas Zayn, con\u00e7ues pour offrir confort et style \u00e0 votre b\u00e9b\u00e9. Fabriqu\u00e9es avec un cuir souple \u00e0 tannage v\u00e9g\u00e9tal et une semelle antid\u00e9rapante, ces baskets garantissent une marche s\u00fbre et stable. Avec leur design \u00e9l\u00e9gant et leur doublure int\u00e9rieure en cuir \u00e0 tannage v\u00e9g\u00e9tal, elles sont parfaites pour toutes les occasions, que ce soit pour les premi\u00e8res explorations ou les sorties en famille. Disponibles dans une gamme de couleurs tendance, les baskets Zayn sont un choix parfait pour accompagner les premiers pas de votre enfant tout au long du printemps et de l'\u00e9t\u00e9.","breadcrumb":{"@id":"https:\/\/hobbrand.com\/happy-feet\/baskets-souples-premiers-pas-zayn\/#breadcrumb"},"inLanguage":"en-US","potentialAction":[{"@type":"ReadAction","target":["https:\/\/hobbrand.com\/happy-feet\/baskets-souples-premiers-pas-zayn\/"]}]},{"@type":"ImageObject","inLanguage":"en-US","@id":"https:\/\/hobbrand.com\/happy-feet\/baskets-souples-premiers-pas-zayn\/#primaryimage","url":"https:\/\/hobbrand.com\/wp-content\/uploads\/2024\/04\/HOB1640-scaled.jpg","contentUrl":"https:\/\/hobbrand.com\/wp-content\/uploads\/2024\/04\/HOB1640-scaled.jpg","width":2560,"height":2560},{"@type":"BreadcrumbList","@id":"https:\/\/hobbrand.com\/happy-feet\/baskets-souples-premiers-pas-zayn\/#breadcrumb","itemListElement":[{"@type":"ListItem","position":1,"name":"Hob Baby Shoes","item":"https:\/\/hobbrand.com\/a-better-start\/"},{"@type":"ListItem","position":2,"name":"ZAYN"}]},{"@type":"WebSite","@id":"https:\/\/hobbrand.com\/#website","url":"https:\/\/hobbrand.com\/","name":"HOB BRAND","description":"A BETTER START","publisher":{"@id":"https:\/\/hobbrand.com\/#organization"},"potentialAction":[{"@type":"SearchAction","target":{"@type":"EntryPoint","urlTemplate":"https:\/\/hobbrand.com\/?s={search_term_string}"},"query-input":{"@type":"PropertyValueSpecification","valueRequired":true,"valueName":"search_term_string"}}],"inLanguage":"en-US"},{"@type":"Organization","@id":"https:\/\/hobbrand.com\/#organization","name":"HOB BRAND","url":"https:\/\/hobbrand.com\/","logo":{"@type":"ImageObject","inLanguage":"en-US","@id":"https:\/\/hobbrand.com\/#\/schema\/logo\/image\/","url":"https:\/\/hobbrand.com\/wp-content\/uploads\/2022\/11\/cropped-cropped-Logo_450_250.png","contentUrl":"https:\/\/hobbrand.com\/wp-content\/uploads\/2022\/11\/cropped-cropped-Logo_450_250.png","width":450,"height":232,"caption":"HOB BRAND"},"image":{"@id":"https:\/\/hobbrand.com\/#\/schema\/logo\/image\/"},"sameAs":["https:\/\/web.facebook.com\/hobfeelgoods\/","https:\/\/www.instagram.com\/hob_brand\/"]}]}},"uagb_featured_image_src":{"full":["https:\/\/hobbrand.com\/wp-content\/uploads\/2024\/04\/HOB1640-scaled.jpg",2560,2560,false],"thumbnail":["https:\/\/hobbrand.com\/wp-content\/uploads\/2024\/04\/HOB1640-150x150.jpg",150,150,true],"medium":["https:\/\/hobbrand.com\/wp-content\/uploads\/2024\/04\/HOB1640-300x300.jpg",300,300,true],"medium_large":["https:\/\/hobbrand.com\/wp-content\/uploads\/2024\/04\/HOB1640-768x768.jpg",768,768,true],"large":["https:\/\/hobbrand.com\/wp-content\/uploads\/2024\/04\/HOB1640-1024x1024.jpg",1024,1024,true],"1536x1536":["https:\/\/hobbrand.com\/wp-content\/uploads\/2024\/04\/HOB1640-1536x1536.jpg",1536,1536,true],"2048x2048":["https:\/\/hobbrand.com\/wp-content\/uploads\/2024\/04\/HOB1640-2048x2048.jpg",2048,2048,true],"trp-custom-language-flag":["https:\/\/hobbrand.com\/wp-content\/uploads\/2024\/04\/HOB1640-12x12.jpg",12,12,true],"depicter-thumbnail":["https:\/\/hobbrand.com\/wp-content\/uploads\/2024\/04\/HOB1640-200x200.jpg",200,200,true],"woocommerce_thumbnail":["https:\/\/hobbrand.com\/wp-content\/uploads\/2024\/04\/HOB1640-400x400.jpg",400,400,true],"woocommerce_single":["https:\/\/hobbrand.com\/wp-content\/uploads\/2024\/04\/HOB1640-400x400.jpg",400,400,true],"woocommerce_gallery_thumbnail":["https:\/\/hobbrand.com\/wp-content\/uploads\/2024\/04\/HOB1640-100x100.jpg",100,100,true]},"uagb_author_info":{"display_name":"Hajar Nouari","author_link":"https:\/\/hobbrand.com\/en\/author\/hajar-nouari\/"},"uagb_comment_info":0,"uagb_excerpt":"D\u00e9couvrez nos baskets souples premiers pas Zayn, con\u00e7ues pour offrir confort et style \u00e0 votre b\u00e9b\u00e9. Fabriqu\u00e9es avec un cuir souple \u00e0 tannage v\u00e9g\u00e9tal et une semelle antid\u00e9rapante, ces baskets garantissent une marche s\u00fbre et stable. Avec leur design \u00e9l\u00e9gant et leur doublure int\u00e9rieure en cuir \u00e0 tannage v\u00e9g\u00e9tal, elles sont parfaites pour toutes les&hellip;","featured_img":"https:\/\/hobbrand.com\/wp-content\/uploads\/2024\/04\/HOB1640-scaled.jpg","coauthors":[],"author_meta":{"author_link":"https:\/\/hobbrand.com\/en\/author\/hajar-nouari\/","display_name":"Hajar Nouari"},"relative_dates":{"created":"Posted 2 years ago","modified":"Updated 10 months ago"},"absolute_dates":{"created":"Posted on 21\/04\/2024","modified":"Updated on 05\/07\/2025"},"absolute_dates_time":{"created":"Posted on 21\/04\/2024 12:09","modified":"Updated on 05\/07\/2025 01:09"},"featured_img_caption":"","tax_additional":{"product_brand":{"linked":[],"unlinked":[],"slug":"product_brand","name":"Brands"},"product_type":{"linked":["<a href=\"https:\/\/hobbrand.com\/en\/?taxonomy=product_type&#038;term=variable\" class=\"advgb-post-tax-term\">variable<\/a>"],"unlinked":["<span class=\"advgb-post-tax-term\">variable<\/span>"],"slug":"product_type","name":"Product type"},"product_visibility":{"linked":[],"unlinked":[],"slug":"product_visibility","name":"Product visibility"},"product_cat":{"linked":["<a href=\"https:\/\/hobbrand.com\/en\/happy-feet-products\/back-to-school\/\" class=\"advgb-post-tax-term\">Back To School<\/a>","<a href=\"https:\/\/hobbrand.com\/en\/happy-feet-products\/zayn-bien-dans-mes-baskets\/\" class=\"advgb-post-tax-term\">Baskets<\/a>"],"unlinked":["<span class=\"advgb-post-tax-term\">Back To School<\/span>","<span class=\"advgb-post-tax-term\">Baskets<\/span>"],"slug":"product_cat","name":"Product categories"},"product_tag":{"linked":[],"unlinked":[],"slug":"product_tag","name":"Product tags"},"product_shipping_class":{"linked":[],"unlinked":[],"slug":"product_shipping_class","name":"Product shipping classes"},"pos_product_visibility":{"linked":[],"unlinked":[],"slug":"pos_product_visibility","name":"POS Product visibility"},"pa_color":{"linked":[],"unlinked":[],"slug":"pa_color","name":"Product Couleur"},"pa_size":{"linked":["<a href=\"https:\/\/hobbrand.com\/en\/size\/18-19\/\" class=\"advgb-post-tax-term\">18\/19<\/a>","<a href=\"https:\/\/hobbrand.com\/en\/size\/20-21\/\" class=\"advgb-post-tax-term\">20\/21<\/a>","<a href=\"https:\/\/hobbrand.com\/en\/size\/22-23\/\" class=\"advgb-post-tax-term\">22\/23<\/a>","<a href=\"https:\/\/hobbrand.com\/en\/size\/24\/\" class=\"advgb-post-tax-term\">24<\/a>"],"unlinked":["<span class=\"advgb-post-tax-term\">18\/19<\/span>","<span class=\"advgb-post-tax-term\">20\/21<\/span>","<span class=\"advgb-post-tax-term\">22\/23<\/span>","<span class=\"advgb-post-tax-term\">24<\/span>"],"slug":"pa_size","name":"Product Taille"}},"series_order":"","jetpack_sharing_enabled":true,"_links":{"self":[{"href":"https:\/\/hobbrand.com\/en\/wp-json\/wp\/v2\/product\/18540","targetHints":{"allow":["GET"]}}],"collection":[{"href":"https:\/\/hobbrand.com\/en\/wp-json\/wp\/v2\/product"}],"about":[{"href":"https:\/\/hobbrand.com\/en\/wp-json\/wp\/v2\/types\/product"}],"replies":[{"embeddable":true,"href":"https:\/\/hobbrand.com\/en\/wp-json\/wp\/v2\/comments?post=18540"}],"wp:featuredmedia":[{"embeddable":true,"href":"https:\/\/hobbrand.com\/en\/wp-json\/wp\/v2\/media\/18383"}],"wp:attachment":[{"href":"https:\/\/hobbrand.com\/en\/wp-json\/wp\/v2\/media?parent=18540"}],"wp:term":[{"taxonomy":"product_brand","embeddable":true,"href":"https:\/\/hobbrand.com\/en\/wp-json\/wp\/v2\/product_brand?post=18540"},{"taxonomy":"product_cat","embeddable":true,"href":"https:\/\/hobbrand.com\/en\/wp-json\/wp\/v2\/product_cat?post=18540"},{"taxonomy":"product_tag","embeddable":true,"href":"https:\/\/hobbrand.com\/en\/wp-json\/wp\/v2\/product_tag?post=18540"}],"curies":[{"name":"wp","href":"https:\/\/api.w.org\/{rel}","templated":true}]}}