{"id":18484,"date":"2024-04-20T16:33:06","date_gmt":"2024-04-20T15:33:06","guid":{"rendered":"https:\/\/hobbrand.com\/?post_type=product&#038;p=18484"},"modified":"2025-06-10T12:18:11","modified_gmt":"2025-06-10T11:18:11","slug":"chaussons-bebe-noor-confort-eco-responsable-hob","status":"publish","type":"product","link":"https:\/\/hobbrand.com\/en\/happy-feet\/chaussons-bebe-noor-confort-eco-responsable-hob\/","title":{"rendered":"NOOR"},"content":{"rendered":"<ul>\n<li aria-level=\"1\">100% Cuir \u00e0 tannage v\u00e9g\u00e9tal ou\/et tissu Ucpcycl\u00e9<\/li>\n<li aria-level=\"1\">Vegetable-tanned leather interior lining<\/li>\n<li aria-level=\"1\">Non-slip sole for both indoor and outdoor use<\/li>\n<li aria-level=\"1\">Elastic ankles to keep baby from losing them<\/li>\n<li aria-level=\"1\">Back tabs for easy donning<\/li>\n<li aria-level=\"1\">Eco-friendly product<\/li>\n<li aria-level=\"1\">Reusable packaging<\/li>\n<li aria-level=\"1\">If you hesitate between two sizes, prefer the larger size.<\/li>\n<li aria-level=\"1\">Ce mod\u00e8le convient aux pieds fins et moyens, \u00e9viter les <span style=\"font-weight: 400;\">cous-de-pied<\/span> forts.<\/li>\n<\/ul>","protected":false},"excerpt":{"rendered":"<p>D\u00e9couvrez les chaussons classiques Noor de HOB, un indispensable pour les premiers pas de votre b\u00e9b\u00e9. Fabriqu\u00e9s \u00e0 partir de cuir \u00e0 tannage v\u00e9g\u00e9tal, ces chaussons sont \u00e0 la fois \u00e9co-responsables et confortables. Ils sont \u00e9galement con\u00e7us avec des chutes de tissu upcycl\u00e9 ou de jean brod\u00e9, offrant ainsi une touche de style unique \u00e0 chaque paire.Les chaussons Noor sont faciles \u00e0 enfiler, souples et \u00e9quip\u00e9s d&rsquo;une semelle antid\u00e9rapante, garantissant la s\u00e9curit\u00e9 de votre b\u00e9b\u00e9 lors de ses explorations. Gr\u00e2ce \u00e0 leur large languette arri\u00e8re, ils permettent \u00e0 votre b\u00e9b\u00e9 d&rsquo;apprendre \u00e0 se chausser seul, favorisant son autonomie. Polyvalents, les chaussons Noor conviennent \u00e0 toutes les occasions : sorties en ville, promenades au parc, cr\u00e8che ou simplement pour la maison. Leur design intemporel s&rsquo;accorde avec toutes les tenues de votre b\u00e9b\u00e9.<\/p>","protected":false},"author":200,"featured_media":18372,"comment_status":"open","ping_status":"closed","template":"","meta":{"_uag_custom_page_level_css":"","advgb_blocks_editor_width":"","advgb_blocks_columns_visual_guide":"","site-sidebar-layout":"default","site-content-layout":"","ast-site-content-layout":"default","site-content-style":"default","site-sidebar-style":"default","ast-global-header-display":"","ast-banner-title-visibility":"","ast-main-header-display":"","ast-hfb-above-header-display":"","ast-hfb-below-header-display":"","ast-hfb-mobile-header-display":"","site-post-title":"","ast-breadcrumbs-content":"","ast-featured-img":"","footer-sml-layout":"","ast-disable-related-posts":"","theme-transparent-header-meta":"default","adv-header-id-meta":"","stick-header-meta":"","header-above-stick-meta":"","header-main-stick-meta":"","header-below-stick-meta":"","astra-migrate-meta-layouts":"set","ast-page-background-enabled":"default","ast-page-background-meta":{"desktop":{"background-color":"var(--ast-global-color-4)","background-image":"","background-repeat":"repeat","background-position":"center center","background-size":"auto","background-attachment":"scroll","background-type":"","background-media":"","overlay-type":"","overlay-color":"","overlay-opacity":"","overlay-gradient":""},"tablet":{"background-color":"","background-image":"","background-repeat":"repeat","background-position":"center center","background-size":"auto","background-attachment":"scroll","background-type":"","background-media":"","overlay-type":"","overlay-color":"","overlay-opacity":"","overlay-gradient":""},"mobile":{"background-color":"","background-image":"","background-repeat":"repeat","background-position":"center center","background-size":"auto","background-attachment":"scroll","background-type":"","background-media":"","overlay-type":"","overlay-color":"","overlay-opacity":"","overlay-gradient":""}},"ast-content-background-meta":{"desktop":{"background-color":"var(--ast-global-color-5)","background-image":"","background-repeat":"repeat","background-position":"center center","background-size":"auto","background-attachment":"scroll","background-type":"","background-media":"","overlay-type":"","overlay-color":"","overlay-opacity":"","overlay-gradient":""},"tablet":{"background-color":"var(--ast-global-color-5)","background-image":"","background-repeat":"repeat","background-position":"center center","background-size":"auto","background-attachment":"scroll","background-type":"","background-media":"","overlay-type":"","overlay-color":"","overlay-opacity":"","overlay-gradient":""},"mobile":{"background-color":"var(--ast-global-color-5)","background-image":"","background-repeat":"repeat","background-position":"center center","background-size":"auto","background-attachment":"scroll","background-type":"","background-media":"","overlay-type":"","overlay-color":"","overlay-opacity":"","overlay-gradient":""}}},"product_brand":[],"product_cat":[160,57],"product_tag":[],"class_list":{"0":"post-18484","1":"product","2":"type-product","3":"status-publish","4":"has-post-thumbnail","6":"product_cat-back-to-school","7":"product_cat-noor-chaussons-d-amour","8":"pa_size-18-19","9":"pa_size-20-21","10":"pa_size-22-23","11":"pa_size-72","12":"desktop-align-left","13":"tablet-align-left","14":"mobile-align-left","16":"first","17":"instock","18":"taxable","19":"shipping-taxable","20":"purchasable","21":"product-type-variable"},"yoast_head":"<!-- This site is optimized with the Yoast SEO plugin v25.9 - https:\/\/yoast.com\/wordpress\/plugins\/seo\/ -->\n<title>Chaussons pour b\u00e9b\u00e9, confortables, \u00e9co-responsables, HOB<\/title>\n<meta name=\"description\" content=\"D\u00e9couvrez les chaussons classiques Noor de HOB, un indispensable pour les premiers pas de votre b\u00e9b\u00e9. Fabriqu\u00e9s \u00e0 partir de cuir \u00e0 tannage v\u00e9g\u00e9tal, ces chaussons sont \u00e0 la fois \u00e9co-responsables et confortables. Ils sont \u00e9galement con\u00e7us avec des chutes de tissu upcycl\u00e9 ou de jean brod\u00e9, offrant ainsi une touche de style unique \u00e0 chaque paire.Les chaussons Noor sont faciles \u00e0 enfiler, souples et \u00e9quip\u00e9s d&#039;une semelle antid\u00e9rapante, garantissant la s\u00e9curit\u00e9 de votre b\u00e9b\u00e9 lors de ses explorations. Gr\u00e2ce \u00e0 leur large languette arri\u00e8re, ils permettent \u00e0 votre b\u00e9b\u00e9 d&#039;apprendre \u00e0 se chausser seul, favorisant son autonomie. Polyvalents, les chaussons Noor conviennent \u00e0 toutes les occasions : sorties en ville, promenades au parc, cr\u00e8che ou simplement pour la maison. Leur design intemporel s&#039;accorde avec toutes les tenues de votre b\u00e9b\u00e9.\" \/>\n<meta name=\"robots\" content=\"index, follow, max-snippet:-1, max-image-preview:large, max-video-preview:-1\" \/>\n<link rel=\"canonical\" href=\"https:\/\/hobbrand.com\/en\/happy-feet\/chaussons-bebe-noor-confort-eco-responsable-hob\/\" \/>\n<meta property=\"og:locale\" content=\"en_US\" \/>\n<meta property=\"og:type\" content=\"article\" \/>\n<meta property=\"og:title\" content=\"Chaussons pour b\u00e9b\u00e9, confortables, \u00e9co-responsables, HOB\" \/>\n<meta property=\"og:description\" content=\"D\u00e9couvrez les chaussons classiques Noor de HOB, un indispensable pour les premiers pas de votre b\u00e9b\u00e9. Fabriqu\u00e9s \u00e0 partir de cuir \u00e0 tannage v\u00e9g\u00e9tal, ces chaussons sont \u00e0 la fois \u00e9co-responsables et confortables. Ils sont \u00e9galement con\u00e7us avec des chutes de tissu upcycl\u00e9 ou de jean brod\u00e9, offrant ainsi une touche de style unique \u00e0 chaque paire.Les chaussons Noor sont faciles \u00e0 enfiler, souples et \u00e9quip\u00e9s d&#039;une semelle antid\u00e9rapante, garantissant la s\u00e9curit\u00e9 de votre b\u00e9b\u00e9 lors de ses explorations. Gr\u00e2ce \u00e0 leur large languette arri\u00e8re, ils permettent \u00e0 votre b\u00e9b\u00e9 d&#039;apprendre \u00e0 se chausser seul, favorisant son autonomie. Polyvalents, les chaussons Noor conviennent \u00e0 toutes les occasions : sorties en ville, promenades au parc, cr\u00e8che ou simplement pour la maison. Leur design intemporel s&#039;accorde avec toutes les tenues de votre b\u00e9b\u00e9.\" \/>\n<meta property=\"og:url\" content=\"https:\/\/hobbrand.com\/en\/happy-feet\/chaussons-bebe-noor-confort-eco-responsable-hob\/\" \/>\n<meta property=\"og:site_name\" content=\"HOB BRAND\" \/>\n<meta property=\"article:publisher\" content=\"https:\/\/web.facebook.com\/hobfeelgoods\/\" \/>\n<meta property=\"article:modified_time\" content=\"2025-06-10T11:18:11+00:00\" \/>\n<meta property=\"og:image\" content=\"https:\/\/hobbrand.com\/wp-content\/uploads\/2024\/04\/HOB1629-scaled.jpg\" \/>\n\t<meta property=\"og:image:width\" content=\"2560\" \/>\n\t<meta property=\"og:image:height\" content=\"2560\" \/>\n\t<meta property=\"og:image:type\" content=\"image\/jpeg\" \/>\n<meta name=\"twitter:card\" content=\"summary_large_image\" \/>\n<meta name=\"twitter:label1\" content=\"Est. reading time\" \/>\n\t<meta name=\"twitter:data1\" content=\"1 minute\" \/>\n<script type=\"application\/ld+json\" class=\"yoast-schema-graph\">{\"@context\":\"https:\/\/schema.org\",\"@graph\":[{\"@type\":\"WebPage\",\"@id\":\"https:\/\/hobbrand.com\/happy-feet\/chaussons-bebe-noor-confort-eco-responsable-hob\/\",\"url\":\"https:\/\/hobbrand.com\/happy-feet\/chaussons-bebe-noor-confort-eco-responsable-hob\/\",\"name\":\"Chaussons pour b\u00e9b\u00e9, confortables, \u00e9co-responsables, HOB\",\"isPartOf\":{\"@id\":\"https:\/\/hobbrand.com\/#website\"},\"primaryImageOfPage\":{\"@id\":\"https:\/\/hobbrand.com\/happy-feet\/chaussons-bebe-noor-confort-eco-responsable-hob\/#primaryimage\"},\"image\":{\"@id\":\"https:\/\/hobbrand.com\/happy-feet\/chaussons-bebe-noor-confort-eco-responsable-hob\/#primaryimage\"},\"thumbnailUrl\":\"https:\/\/hobbrand.com\/wp-content\/uploads\/2024\/04\/HOB1629-scaled.jpg\",\"datePublished\":\"2024-04-20T15:33:06+00:00\",\"dateModified\":\"2025-06-10T11:18:11+00:00\",\"description\":\"D\u00e9couvrez les chaussons classiques Noor de HOB, un indispensable pour les premiers pas de votre b\u00e9b\u00e9. Fabriqu\u00e9s \u00e0 partir de cuir \u00e0 tannage v\u00e9g\u00e9tal, ces chaussons sont \u00e0 la fois \u00e9co-responsables et confortables. Ils sont \u00e9galement con\u00e7us avec des chutes de tissu upcycl\u00e9 ou de jean brod\u00e9, offrant ainsi une touche de style unique \u00e0 chaque paire.Les chaussons Noor sont faciles \u00e0 enfiler, souples et \u00e9quip\u00e9s d'une semelle antid\u00e9rapante, garantissant la s\u00e9curit\u00e9 de votre b\u00e9b\u00e9 lors de ses explorations. Gr\u00e2ce \u00e0 leur large languette arri\u00e8re, ils permettent \u00e0 votre b\u00e9b\u00e9 d'apprendre \u00e0 se chausser seul, favorisant son autonomie. Polyvalents, les chaussons Noor conviennent \u00e0 toutes les occasions : sorties en ville, promenades au parc, cr\u00e8che ou simplement pour la maison. Leur design intemporel s'accorde avec toutes les tenues de votre b\u00e9b\u00e9.\",\"breadcrumb\":{\"@id\":\"https:\/\/hobbrand.com\/happy-feet\/chaussons-bebe-noor-confort-eco-responsable-hob\/#breadcrumb\"},\"inLanguage\":\"en-US\",\"potentialAction\":[{\"@type\":\"ReadAction\",\"target\":[\"https:\/\/hobbrand.com\/happy-feet\/chaussons-bebe-noor-confort-eco-responsable-hob\/\"]}]},{\"@type\":\"ImageObject\",\"inLanguage\":\"en-US\",\"@id\":\"https:\/\/hobbrand.com\/happy-feet\/chaussons-bebe-noor-confort-eco-responsable-hob\/#primaryimage\",\"url\":\"https:\/\/hobbrand.com\/wp-content\/uploads\/2024\/04\/HOB1629-scaled.jpg\",\"contentUrl\":\"https:\/\/hobbrand.com\/wp-content\/uploads\/2024\/04\/HOB1629-scaled.jpg\",\"width\":2560,\"height\":2560},{\"@type\":\"BreadcrumbList\",\"@id\":\"https:\/\/hobbrand.com\/happy-feet\/chaussons-bebe-noor-confort-eco-responsable-hob\/#breadcrumb\",\"itemListElement\":[{\"@type\":\"ListItem\",\"position\":1,\"name\":\"Hob Baby Shoes\",\"item\":\"https:\/\/hobbrand.com\/a-better-start\/\"},{\"@type\":\"ListItem\",\"position\":2,\"name\":\"NOOR\"}]},{\"@type\":\"WebSite\",\"@id\":\"https:\/\/hobbrand.com\/#website\",\"url\":\"https:\/\/hobbrand.com\/\",\"name\":\"HOB BRAND\",\"description\":\"A BETTER START\",\"publisher\":{\"@id\":\"https:\/\/hobbrand.com\/#organization\"},\"potentialAction\":[{\"@type\":\"SearchAction\",\"target\":{\"@type\":\"EntryPoint\",\"urlTemplate\":\"https:\/\/hobbrand.com\/?s={search_term_string}\"},\"query-input\":{\"@type\":\"PropertyValueSpecification\",\"valueRequired\":true,\"valueName\":\"search_term_string\"}}],\"inLanguage\":\"en-US\"},{\"@type\":\"Organization\",\"@id\":\"https:\/\/hobbrand.com\/#organization\",\"name\":\"HOB BRAND\",\"url\":\"https:\/\/hobbrand.com\/\",\"logo\":{\"@type\":\"ImageObject\",\"inLanguage\":\"en-US\",\"@id\":\"https:\/\/hobbrand.com\/#\/schema\/logo\/image\/\",\"url\":\"https:\/\/hobbrand.com\/wp-content\/uploads\/2022\/11\/cropped-cropped-Logo_450_250.png\",\"contentUrl\":\"https:\/\/hobbrand.com\/wp-content\/uploads\/2022\/11\/cropped-cropped-Logo_450_250.png\",\"width\":450,\"height\":232,\"caption\":\"HOB BRAND\"},\"image\":{\"@id\":\"https:\/\/hobbrand.com\/#\/schema\/logo\/image\/\"},\"sameAs\":[\"https:\/\/web.facebook.com\/hobfeelgoods\/\",\"https:\/\/www.instagram.com\/hob_brand\/\"]}]}<\/script>\n<!-- \/ Yoast SEO plugin. -->","yoast_head_json":{"title":"Chaussons pour b\u00e9b\u00e9, confortables, \u00e9co-responsables, HOB","description":"D\u00e9couvrez les chaussons classiques Noor de HOB, un indispensable pour les premiers pas de votre b\u00e9b\u00e9. Fabriqu\u00e9s \u00e0 partir de cuir \u00e0 tannage v\u00e9g\u00e9tal, ces chaussons sont \u00e0 la fois \u00e9co-responsables et confortables. Ils sont \u00e9galement con\u00e7us avec des chutes de tissu upcycl\u00e9 ou de jean brod\u00e9, offrant ainsi une touche de style unique \u00e0 chaque paire.Les chaussons Noor sont faciles \u00e0 enfiler, souples et \u00e9quip\u00e9s d'une semelle antid\u00e9rapante, garantissant la s\u00e9curit\u00e9 de votre b\u00e9b\u00e9 lors de ses explorations. Gr\u00e2ce \u00e0 leur large languette arri\u00e8re, ils permettent \u00e0 votre b\u00e9b\u00e9 d'apprendre \u00e0 se chausser seul, favorisant son autonomie. Polyvalents, les chaussons Noor conviennent \u00e0 toutes les occasions : sorties en ville, promenades au parc, cr\u00e8che ou simplement pour la maison. Leur design intemporel s'accorde avec toutes les tenues de votre b\u00e9b\u00e9.","robots":{"index":"index","follow":"follow","max-snippet":"max-snippet:-1","max-image-preview":"max-image-preview:large","max-video-preview":"max-video-preview:-1"},"canonical":"https:\/\/hobbrand.com\/en\/happy-feet\/chaussons-bebe-noor-confort-eco-responsable-hob\/","og_locale":"en_US","og_type":"article","og_title":"Chaussons pour b\u00e9b\u00e9, confortables, \u00e9co-responsables, HOB","og_description":"D\u00e9couvrez les chaussons classiques Noor de HOB, un indispensable pour les premiers pas de votre b\u00e9b\u00e9. Fabriqu\u00e9s \u00e0 partir de cuir \u00e0 tannage v\u00e9g\u00e9tal, ces chaussons sont \u00e0 la fois \u00e9co-responsables et confortables. Ils sont \u00e9galement con\u00e7us avec des chutes de tissu upcycl\u00e9 ou de jean brod\u00e9, offrant ainsi une touche de style unique \u00e0 chaque paire.Les chaussons Noor sont faciles \u00e0 enfiler, souples et \u00e9quip\u00e9s d'une semelle antid\u00e9rapante, garantissant la s\u00e9curit\u00e9 de votre b\u00e9b\u00e9 lors de ses explorations. Gr\u00e2ce \u00e0 leur large languette arri\u00e8re, ils permettent \u00e0 votre b\u00e9b\u00e9 d'apprendre \u00e0 se chausser seul, favorisant son autonomie. Polyvalents, les chaussons Noor conviennent \u00e0 toutes les occasions : sorties en ville, promenades au parc, cr\u00e8che ou simplement pour la maison. Leur design intemporel s'accorde avec toutes les tenues de votre b\u00e9b\u00e9.","og_url":"https:\/\/hobbrand.com\/en\/happy-feet\/chaussons-bebe-noor-confort-eco-responsable-hob\/","og_site_name":"HOB BRAND","article_publisher":"https:\/\/web.facebook.com\/hobfeelgoods\/","article_modified_time":"2025-06-10T11:18:11+00:00","og_image":[{"width":2560,"height":2560,"url":"https:\/\/hobbrand.com\/wp-content\/uploads\/2024\/04\/HOB1629-scaled.jpg","type":"image\/jpeg"}],"twitter_card":"summary_large_image","twitter_misc":{"Est. reading time":"1 minute"},"schema":{"@context":"https:\/\/schema.org","@graph":[{"@type":"WebPage","@id":"https:\/\/hobbrand.com\/happy-feet\/chaussons-bebe-noor-confort-eco-responsable-hob\/","url":"https:\/\/hobbrand.com\/happy-feet\/chaussons-bebe-noor-confort-eco-responsable-hob\/","name":"Chaussons pour b\u00e9b\u00e9, confortables, \u00e9co-responsables, HOB","isPartOf":{"@id":"https:\/\/hobbrand.com\/#website"},"primaryImageOfPage":{"@id":"https:\/\/hobbrand.com\/happy-feet\/chaussons-bebe-noor-confort-eco-responsable-hob\/#primaryimage"},"image":{"@id":"https:\/\/hobbrand.com\/happy-feet\/chaussons-bebe-noor-confort-eco-responsable-hob\/#primaryimage"},"thumbnailUrl":"https:\/\/hobbrand.com\/wp-content\/uploads\/2024\/04\/HOB1629-scaled.jpg","datePublished":"2024-04-20T15:33:06+00:00","dateModified":"2025-06-10T11:18:11+00:00","description":"D\u00e9couvrez les chaussons classiques Noor de HOB, un indispensable pour les premiers pas de votre b\u00e9b\u00e9. Fabriqu\u00e9s \u00e0 partir de cuir \u00e0 tannage v\u00e9g\u00e9tal, ces chaussons sont \u00e0 la fois \u00e9co-responsables et confortables. Ils sont \u00e9galement con\u00e7us avec des chutes de tissu upcycl\u00e9 ou de jean brod\u00e9, offrant ainsi une touche de style unique \u00e0 chaque paire.Les chaussons Noor sont faciles \u00e0 enfiler, souples et \u00e9quip\u00e9s d'une semelle antid\u00e9rapante, garantissant la s\u00e9curit\u00e9 de votre b\u00e9b\u00e9 lors de ses explorations. Gr\u00e2ce \u00e0 leur large languette arri\u00e8re, ils permettent \u00e0 votre b\u00e9b\u00e9 d'apprendre \u00e0 se chausser seul, favorisant son autonomie. Polyvalents, les chaussons Noor conviennent \u00e0 toutes les occasions : sorties en ville, promenades au parc, cr\u00e8che ou simplement pour la maison. Leur design intemporel s'accorde avec toutes les tenues de votre b\u00e9b\u00e9.","breadcrumb":{"@id":"https:\/\/hobbrand.com\/happy-feet\/chaussons-bebe-noor-confort-eco-responsable-hob\/#breadcrumb"},"inLanguage":"en-US","potentialAction":[{"@type":"ReadAction","target":["https:\/\/hobbrand.com\/happy-feet\/chaussons-bebe-noor-confort-eco-responsable-hob\/"]}]},{"@type":"ImageObject","inLanguage":"en-US","@id":"https:\/\/hobbrand.com\/happy-feet\/chaussons-bebe-noor-confort-eco-responsable-hob\/#primaryimage","url":"https:\/\/hobbrand.com\/wp-content\/uploads\/2024\/04\/HOB1629-scaled.jpg","contentUrl":"https:\/\/hobbrand.com\/wp-content\/uploads\/2024\/04\/HOB1629-scaled.jpg","width":2560,"height":2560},{"@type":"BreadcrumbList","@id":"https:\/\/hobbrand.com\/happy-feet\/chaussons-bebe-noor-confort-eco-responsable-hob\/#breadcrumb","itemListElement":[{"@type":"ListItem","position":1,"name":"Hob Baby Shoes","item":"https:\/\/hobbrand.com\/a-better-start\/"},{"@type":"ListItem","position":2,"name":"NOOR"}]},{"@type":"WebSite","@id":"https:\/\/hobbrand.com\/#website","url":"https:\/\/hobbrand.com\/","name":"HOB BRAND","description":"A BETTER START","publisher":{"@id":"https:\/\/hobbrand.com\/#organization"},"potentialAction":[{"@type":"SearchAction","target":{"@type":"EntryPoint","urlTemplate":"https:\/\/hobbrand.com\/?s={search_term_string}"},"query-input":{"@type":"PropertyValueSpecification","valueRequired":true,"valueName":"search_term_string"}}],"inLanguage":"en-US"},{"@type":"Organization","@id":"https:\/\/hobbrand.com\/#organization","name":"HOB BRAND","url":"https:\/\/hobbrand.com\/","logo":{"@type":"ImageObject","inLanguage":"en-US","@id":"https:\/\/hobbrand.com\/#\/schema\/logo\/image\/","url":"https:\/\/hobbrand.com\/wp-content\/uploads\/2022\/11\/cropped-cropped-Logo_450_250.png","contentUrl":"https:\/\/hobbrand.com\/wp-content\/uploads\/2022\/11\/cropped-cropped-Logo_450_250.png","width":450,"height":232,"caption":"HOB BRAND"},"image":{"@id":"https:\/\/hobbrand.com\/#\/schema\/logo\/image\/"},"sameAs":["https:\/\/web.facebook.com\/hobfeelgoods\/","https:\/\/www.instagram.com\/hob_brand\/"]}]}},"uagb_featured_image_src":{"full":["https:\/\/hobbrand.com\/wp-content\/uploads\/2024\/04\/HOB1629-scaled.jpg",2560,2560,false],"thumbnail":["https:\/\/hobbrand.com\/wp-content\/uploads\/2024\/04\/HOB1629-150x150.jpg",150,150,true],"medium":["https:\/\/hobbrand.com\/wp-content\/uploads\/2024\/04\/HOB1629-300x300.jpg",300,300,true],"medium_large":["https:\/\/hobbrand.com\/wp-content\/uploads\/2024\/04\/HOB1629-768x768.jpg",768,768,true],"large":["https:\/\/hobbrand.com\/wp-content\/uploads\/2024\/04\/HOB1629-1024x1024.jpg",1024,1024,true],"1536x1536":["https:\/\/hobbrand.com\/wp-content\/uploads\/2024\/04\/HOB1629-1536x1536.jpg",1536,1536,true],"2048x2048":["https:\/\/hobbrand.com\/wp-content\/uploads\/2024\/04\/HOB1629-2048x2048.jpg",2048,2048,true],"trp-custom-language-flag":["https:\/\/hobbrand.com\/wp-content\/uploads\/2024\/04\/HOB1629-12x12.jpg",12,12,true],"depicter-thumbnail":["https:\/\/hobbrand.com\/wp-content\/uploads\/2024\/04\/HOB1629-200x200.jpg",200,200,true],"woocommerce_thumbnail":["https:\/\/hobbrand.com\/wp-content\/uploads\/2024\/04\/HOB1629-400x400.jpg",400,400,true],"woocommerce_single":["https:\/\/hobbrand.com\/wp-content\/uploads\/2024\/04\/HOB1629-400x400.jpg",400,400,true],"woocommerce_gallery_thumbnail":["https:\/\/hobbrand.com\/wp-content\/uploads\/2024\/04\/HOB1629-100x100.jpg",100,100,true]},"uagb_author_info":{"display_name":"Hajar Nouari","author_link":"https:\/\/hobbrand.com\/en\/author\/hajar-nouari\/"},"uagb_comment_info":0,"uagb_excerpt":"D\u00e9couvrez les chaussons classiques Noor de HOB, un indispensable pour les premiers pas de votre b\u00e9b\u00e9. Fabriqu\u00e9s \u00e0 partir de cuir \u00e0 tannage v\u00e9g\u00e9tal, ces chaussons sont \u00e0 la fois \u00e9co-responsables et confortables. Ils sont \u00e9galement con\u00e7us avec des chutes de tissu upcycl\u00e9 ou de jean brod\u00e9, offrant ainsi une touche de style unique \u00e0&hellip;","featured_img":"https:\/\/hobbrand.com\/wp-content\/uploads\/2024\/04\/HOB1629-scaled.jpg","coauthors":[],"author_meta":{"author_link":"https:\/\/hobbrand.com\/en\/author\/hajar-nouari\/","display_name":"Hajar Nouari"},"relative_dates":{"created":"Posted 2 years ago","modified":"Updated 11 months ago"},"absolute_dates":{"created":"Posted on 20\/04\/2024","modified":"Updated on 10\/06\/2025"},"absolute_dates_time":{"created":"Posted on 20\/04\/2024 16:33","modified":"Updated on 10\/06\/2025 12:18"},"featured_img_caption":"","tax_additional":{"product_brand":{"linked":[],"unlinked":[],"slug":"product_brand","name":"Brands"},"product_type":{"linked":["<a href=\"https:\/\/hobbrand.com\/en\/?taxonomy=product_type&#038;term=variable\" class=\"advgb-post-tax-term\">variable<\/a>"],"unlinked":["<span class=\"advgb-post-tax-term\">variable<\/span>"],"slug":"product_type","name":"Product type"},"product_visibility":{"linked":[],"unlinked":[],"slug":"product_visibility","name":"Product visibility"},"product_cat":{"linked":["<a href=\"https:\/\/hobbrand.com\/en\/happy-feet-products\/back-to-school\/\" class=\"advgb-post-tax-term\">Back To School<\/a>","<a href=\"https:\/\/hobbrand.com\/en\/happy-feet-products\/noor-chaussons-d-amour\/\" class=\"advgb-post-tax-term\">Chaussons<\/a>"],"unlinked":["<span class=\"advgb-post-tax-term\">Back To School<\/span>","<span class=\"advgb-post-tax-term\">Chaussons<\/span>"],"slug":"product_cat","name":"Product categories"},"product_tag":{"linked":[],"unlinked":[],"slug":"product_tag","name":"Product tags"},"product_shipping_class":{"linked":[],"unlinked":[],"slug":"product_shipping_class","name":"Product shipping classes"},"pos_product_visibility":{"linked":[],"unlinked":[],"slug":"pos_product_visibility","name":"POS Product visibility"},"pa_color":{"linked":[],"unlinked":[],"slug":"pa_color","name":"Product Couleur"},"pa_size":{"linked":["<a href=\"https:\/\/hobbrand.com\/en\/size\/18-19\/\" class=\"advgb-post-tax-term\">18\/19<\/a>","<a href=\"https:\/\/hobbrand.com\/en\/size\/20-21\/\" class=\"advgb-post-tax-term\">20\/21<\/a>","<a href=\"https:\/\/hobbrand.com\/en\/size\/22-23\/\" class=\"advgb-post-tax-term\">22\/23<\/a>","<a href=\"https:\/\/hobbrand.com\/en\/size\/24\/\" class=\"advgb-post-tax-term\">24<\/a>"],"unlinked":["<span class=\"advgb-post-tax-term\">18\/19<\/span>","<span class=\"advgb-post-tax-term\">20\/21<\/span>","<span class=\"advgb-post-tax-term\">22\/23<\/span>","<span class=\"advgb-post-tax-term\">24<\/span>"],"slug":"pa_size","name":"Product Taille"}},"series_order":"","jetpack_sharing_enabled":true,"_links":{"self":[{"href":"https:\/\/hobbrand.com\/en\/wp-json\/wp\/v2\/product\/18484","targetHints":{"allow":["GET"]}}],"collection":[{"href":"https:\/\/hobbrand.com\/en\/wp-json\/wp\/v2\/product"}],"about":[{"href":"https:\/\/hobbrand.com\/en\/wp-json\/wp\/v2\/types\/product"}],"replies":[{"embeddable":true,"href":"https:\/\/hobbrand.com\/en\/wp-json\/wp\/v2\/comments?post=18484"}],"wp:featuredmedia":[{"embeddable":true,"href":"https:\/\/hobbrand.com\/en\/wp-json\/wp\/v2\/media\/18372"}],"wp:attachment":[{"href":"https:\/\/hobbrand.com\/en\/wp-json\/wp\/v2\/media?parent=18484"}],"wp:term":[{"taxonomy":"product_brand","embeddable":true,"href":"https:\/\/hobbrand.com\/en\/wp-json\/wp\/v2\/product_brand?post=18484"},{"taxonomy":"product_cat","embeddable":true,"href":"https:\/\/hobbrand.com\/en\/wp-json\/wp\/v2\/product_cat?post=18484"},{"taxonomy":"product_tag","embeddable":true,"href":"https:\/\/hobbrand.com\/en\/wp-json\/wp\/v2\/product_tag?post=18484"}],"curies":[{"name":"wp","href":"https:\/\/api.w.org\/{rel}","templated":true}]}}