{"id":17876,"date":"2023-08-24T12:28:58","date_gmt":"2023-08-24T11:28:58","guid":{"rendered":"https:\/\/hobbrand.com\/?post_type=product&#038;p=17876"},"modified":"2025-02-20T12:11:55","modified_gmt":"2025-02-20T11:11:55","slug":"zayn-10","status":"publish","type":"product","link":"https:\/\/hobbrand.com\/en\/happy-feet\/zayn-10\/","title":{"rendered":"ZAYN"},"content":{"rendered":"<ul>\n<li style=\"font-weight: 400;\" aria-level=\"1\"><span style=\"font-weight: 400;\">100% vegetable-tanned leather and iridescent leather sneakers<\/span><\/li>\n<li style=\"font-weight: 400;\" aria-level=\"1\"><span style=\"font-weight: 400;\">Vegetable-tanned leather interior lining<\/span><\/li>\n<li style=\"font-weight: 400;\" aria-level=\"1\"><span style=\"font-weight: 400;\">Anti-slip soles for indoor and outdoor use<\/span><\/li>\n<li aria-level=\"1\">Renfort \u00e0 l&rsquo;avant pour une solidit\u00e9 \u00e0 toute \u00e9preuve.<\/li>\n<li style=\"font-weight: 400;\" aria-level=\"1\"><span style=\"font-weight: 400;\">Adjustable scratches<\/span><\/li>\n<li style=\"font-weight: 400;\" aria-level=\"1\"><span style=\"font-weight: 400;\">Eco-friendly product<\/span><\/li>\n<li style=\"font-weight: 400;\" aria-level=\"1\"><span style=\"font-weight: 400;\">Reusable packaging<\/span><\/li>\n<li style=\"font-weight: 400;\" aria-level=\"1\"><span style=\"font-weight: 400;\">If you hesitate between two sizes, prefer the larger size.<\/span><\/li>\n<li style=\"font-weight: 400;\" aria-level=\"1\"><span style=\"font-weight: 400;\">This model is adapted to all types of feet<\/span><\/li>\n<\/ul>","protected":false},"excerpt":{"rendered":"<p>Les baskets Zayn sont des chaussures souples adapt\u00e9es \u00e0 la pr\u00e9-marche et aux premiers pas des b\u00e9b\u00e9s. Con\u00e7ues \u00e0 partir de cuir \u00e0 tannage v\u00e9g\u00e9tal, elles sont non seulement confortables mais aussi respectueuses de la sant\u00e9 et de l&rsquo;environnement. <span style=\"font-size: 16px;\">Avec leurs scratchs pratiques, les baskets Zayn sont faciles \u00e0 mettre et \u00e0 enlever, ce qui les rend id\u00e9ales pour une utilisation quotidienne. Les semelles antid\u00e9rapantes assurent une adh\u00e9rence parfaite, offrant ainsi une s\u00e9curit\u00e9 optimale \u00e0 vos petits aventuriers lorsqu&rsquo;ils gambadent. Le renfort ajout\u00e9 sur le devant sur certains coloris pour une solidit\u00e9 \u00e0 toute \u00e9preuve pour vos petits aventuriers. Les baskets Zayn de<\/span><span class=\"Apple-converted-space\" style=\"font-size: 16px;\">\u00a0 <\/span><span style=\"font-size: 16px;\">sont le choix parfait pour allier confort, s\u00e9curit\u00e9 et style.<\/span><\/p>","protected":false},"author":200,"featured_media":17697,"comment_status":"open","ping_status":"closed","template":"","meta":{"_uag_custom_page_level_css":"","advgb_blocks_editor_width":"","advgb_blocks_columns_visual_guide":"","site-sidebar-layout":"default","site-content-layout":"","ast-site-content-layout":"default","site-content-style":"default","site-sidebar-style":"default","ast-global-header-display":"","ast-banner-title-visibility":"","ast-main-header-display":"","ast-hfb-above-header-display":"","ast-hfb-below-header-display":"","ast-hfb-mobile-header-display":"","site-post-title":"","ast-breadcrumbs-content":"","ast-featured-img":"","footer-sml-layout":"","ast-disable-related-posts":"","theme-transparent-header-meta":"default","adv-header-id-meta":"","stick-header-meta":"","header-above-stick-meta":"","header-main-stick-meta":"","header-below-stick-meta":"","astra-migrate-meta-layouts":"set","ast-page-background-enabled":"default","ast-page-background-meta":{"desktop":{"background-color":"var(--ast-global-color-4)","background-image":"","background-repeat":"repeat","background-position":"center center","background-size":"auto","background-attachment":"scroll","background-type":"","background-media":"","overlay-type":"","overlay-color":"","overlay-opacity":"","overlay-gradient":""},"tablet":{"background-color":"","background-image":"","background-repeat":"repeat","background-position":"center center","background-size":"auto","background-attachment":"scroll","background-type":"","background-media":"","overlay-type":"","overlay-color":"","overlay-opacity":"","overlay-gradient":""},"mobile":{"background-color":"","background-image":"","background-repeat":"repeat","background-position":"center center","background-size":"auto","background-attachment":"scroll","background-type":"","background-media":"","overlay-type":"","overlay-color":"","overlay-opacity":"","overlay-gradient":""}},"ast-content-background-meta":{"desktop":{"background-color":"var(--ast-global-color-5)","background-image":"","background-repeat":"repeat","background-position":"center center","background-size":"auto","background-attachment":"scroll","background-type":"","background-media":"","overlay-type":"","overlay-color":"","overlay-opacity":"","overlay-gradient":""},"tablet":{"background-color":"var(--ast-global-color-5)","background-image":"","background-repeat":"repeat","background-position":"center center","background-size":"auto","background-attachment":"scroll","background-type":"","background-media":"","overlay-type":"","overlay-color":"","overlay-opacity":"","overlay-gradient":""},"mobile":{"background-color":"var(--ast-global-color-5)","background-image":"","background-repeat":"repeat","background-position":"center center","background-size":"auto","background-attachment":"scroll","background-type":"","background-media":"","overlay-type":"","overlay-color":"","overlay-opacity":"","overlay-gradient":""}}},"product_brand":[],"product_cat":[160,58],"product_tag":[],"class_list":{"0":"post-17876","1":"product","2":"type-product","3":"status-publish","4":"has-post-thumbnail","6":"product_cat-back-to-school","7":"product_cat-zayn-bien-dans-mes-baskets","8":"pa_size-18-19","9":"pa_size-20-21","10":"pa_size-22-23","11":"pa_size-72","12":"desktop-align-left","13":"tablet-align-left","14":"mobile-align-left","16":"first","17":"instock","18":"taxable","19":"shipping-taxable","20":"purchasable","21":"product-type-variable"},"yoast_head":"<!-- This site is optimized with the Yoast SEO plugin v25.9 - https:\/\/yoast.com\/wordpress\/plugins\/seo\/ -->\n<title>Baskets pour b\u00e9b\u00e9 : ZAYN - HOB BRAND<\/title>\n<meta name=\"description\" content=\"Les baskets Zayn sont des chaussures souples en cuir \u00e0 tannage v\u00e9g\u00e9tal, parfaites pour les pr\u00e9-marches et les premiers pas des b\u00e9b\u00e9s. Avec leurs scratchs pratiques, elles sont faciles \u00e0 enfiler pour une utilisation quotidienne. Les semelles antid\u00e9rapantes offrent une adh\u00e9rence parfaite, assurant une s\u00e9curit\u00e9 optimale \u00e0 vos petits aventuriers. Le renfort ajout\u00e9 sur le devant pour certains coloris garantit une solidit\u00e9 \u00e0 toute \u00e9preuve. Optez pour les baskets Zayn pour allier confort, style et respect de l&#039;environnement.\" \/>\n<meta name=\"robots\" content=\"index, follow, max-snippet:-1, max-image-preview:large, max-video-preview:-1\" \/>\n<link rel=\"canonical\" href=\"https:\/\/hobbrand.com\/en\/happy-feet\/zayn-10\/\" \/>\n<meta property=\"og:locale\" content=\"en_US\" \/>\n<meta property=\"og:type\" content=\"article\" \/>\n<meta property=\"og:title\" content=\"Baskets pour b\u00e9b\u00e9 : ZAYN - HOB BRAND\" \/>\n<meta property=\"og:description\" content=\"Les baskets Zayn sont des chaussures souples en cuir \u00e0 tannage v\u00e9g\u00e9tal, parfaites pour les pr\u00e9-marches et les premiers pas des b\u00e9b\u00e9s. Avec leurs scratchs pratiques, elles sont faciles \u00e0 enfiler pour une utilisation quotidienne. Les semelles antid\u00e9rapantes offrent une adh\u00e9rence parfaite, assurant une s\u00e9curit\u00e9 optimale \u00e0 vos petits aventuriers. Le renfort ajout\u00e9 sur le devant pour certains coloris garantit une solidit\u00e9 \u00e0 toute \u00e9preuve. Optez pour les baskets Zayn pour allier confort, style et respect de l&#039;environnement.\" \/>\n<meta property=\"og:url\" content=\"https:\/\/hobbrand.com\/en\/happy-feet\/zayn-10\/\" \/>\n<meta property=\"og:site_name\" content=\"HOB BRAND\" \/>\n<meta property=\"article:publisher\" content=\"https:\/\/web.facebook.com\/hobfeelgoods\/\" \/>\n<meta property=\"article:modified_time\" content=\"2025-02-20T11:11:55+00:00\" \/>\n<meta property=\"og:image\" content=\"https:\/\/hobbrand.com\/wp-content\/uploads\/2023\/08\/HOB0008.jpg\" \/>\n\t<meta property=\"og:image:width\" content=\"2048\" \/>\n\t<meta property=\"og:image:height\" content=\"2048\" \/>\n\t<meta property=\"og:image:type\" content=\"image\/jpeg\" \/>\n<meta name=\"twitter:card\" content=\"summary_large_image\" \/>\n<meta name=\"twitter:label1\" content=\"Est. reading time\" \/>\n\t<meta name=\"twitter:data1\" content=\"1 minute\" \/>\n<script type=\"application\/ld+json\" class=\"yoast-schema-graph\">{\"@context\":\"https:\/\/schema.org\",\"@graph\":[{\"@type\":\"WebPage\",\"@id\":\"https:\/\/hobbrand.com\/happy-feet\/zayn-10\/\",\"url\":\"https:\/\/hobbrand.com\/happy-feet\/zayn-10\/\",\"name\":\"Baskets pour b\u00e9b\u00e9 : ZAYN - HOB BRAND\",\"isPartOf\":{\"@id\":\"https:\/\/hobbrand.com\/#website\"},\"primaryImageOfPage\":{\"@id\":\"https:\/\/hobbrand.com\/happy-feet\/zayn-10\/#primaryimage\"},\"image\":{\"@id\":\"https:\/\/hobbrand.com\/happy-feet\/zayn-10\/#primaryimage\"},\"thumbnailUrl\":\"https:\/\/hobbrand.com\/wp-content\/uploads\/2023\/08\/HOB0008.jpg\",\"datePublished\":\"2023-08-24T11:28:58+00:00\",\"dateModified\":\"2025-02-20T11:11:55+00:00\",\"description\":\"Les baskets Zayn sont des chaussures souples en cuir \u00e0 tannage v\u00e9g\u00e9tal, parfaites pour les pr\u00e9-marches et les premiers pas des b\u00e9b\u00e9s. Avec leurs scratchs pratiques, elles sont faciles \u00e0 enfiler pour une utilisation quotidienne. Les semelles antid\u00e9rapantes offrent une adh\u00e9rence parfaite, assurant une s\u00e9curit\u00e9 optimale \u00e0 vos petits aventuriers. Le renfort ajout\u00e9 sur le devant pour certains coloris garantit une solidit\u00e9 \u00e0 toute \u00e9preuve. Optez pour les baskets Zayn pour allier confort, style et respect de l'environnement.\",\"breadcrumb\":{\"@id\":\"https:\/\/hobbrand.com\/happy-feet\/zayn-10\/#breadcrumb\"},\"inLanguage\":\"en-US\",\"potentialAction\":[{\"@type\":\"ReadAction\",\"target\":[\"https:\/\/hobbrand.com\/happy-feet\/zayn-10\/\"]}]},{\"@type\":\"ImageObject\",\"inLanguage\":\"en-US\",\"@id\":\"https:\/\/hobbrand.com\/happy-feet\/zayn-10\/#primaryimage\",\"url\":\"https:\/\/hobbrand.com\/wp-content\/uploads\/2023\/08\/HOB0008.jpg\",\"contentUrl\":\"https:\/\/hobbrand.com\/wp-content\/uploads\/2023\/08\/HOB0008.jpg\",\"width\":2048,\"height\":2048},{\"@type\":\"BreadcrumbList\",\"@id\":\"https:\/\/hobbrand.com\/happy-feet\/zayn-10\/#breadcrumb\",\"itemListElement\":[{\"@type\":\"ListItem\",\"position\":1,\"name\":\"Hob Baby Shoes\",\"item\":\"https:\/\/hobbrand.com\/a-better-start\/\"},{\"@type\":\"ListItem\",\"position\":2,\"name\":\"ZAYN\"}]},{\"@type\":\"WebSite\",\"@id\":\"https:\/\/hobbrand.com\/#website\",\"url\":\"https:\/\/hobbrand.com\/\",\"name\":\"HOB BRAND\",\"description\":\"A BETTER START\",\"publisher\":{\"@id\":\"https:\/\/hobbrand.com\/#organization\"},\"potentialAction\":[{\"@type\":\"SearchAction\",\"target\":{\"@type\":\"EntryPoint\",\"urlTemplate\":\"https:\/\/hobbrand.com\/?s={search_term_string}\"},\"query-input\":{\"@type\":\"PropertyValueSpecification\",\"valueRequired\":true,\"valueName\":\"search_term_string\"}}],\"inLanguage\":\"en-US\"},{\"@type\":\"Organization\",\"@id\":\"https:\/\/hobbrand.com\/#organization\",\"name\":\"HOB BRAND\",\"url\":\"https:\/\/hobbrand.com\/\",\"logo\":{\"@type\":\"ImageObject\",\"inLanguage\":\"en-US\",\"@id\":\"https:\/\/hobbrand.com\/#\/schema\/logo\/image\/\",\"url\":\"https:\/\/hobbrand.com\/wp-content\/uploads\/2022\/11\/cropped-cropped-Logo_450_250.png\",\"contentUrl\":\"https:\/\/hobbrand.com\/wp-content\/uploads\/2022\/11\/cropped-cropped-Logo_450_250.png\",\"width\":450,\"height\":232,\"caption\":\"HOB BRAND\"},\"image\":{\"@id\":\"https:\/\/hobbrand.com\/#\/schema\/logo\/image\/\"},\"sameAs\":[\"https:\/\/web.facebook.com\/hobfeelgoods\/\",\"https:\/\/www.instagram.com\/hob_brand\/\"]}]}<\/script>\n<!-- \/ Yoast SEO plugin. -->","yoast_head_json":{"title":"Baskets pour b\u00e9b\u00e9 : ZAYN - HOB BRAND","description":"Les baskets Zayn sont des chaussures souples en cuir \u00e0 tannage v\u00e9g\u00e9tal, parfaites pour les pr\u00e9-marches et les premiers pas des b\u00e9b\u00e9s. Avec leurs scratchs pratiques, elles sont faciles \u00e0 enfiler pour une utilisation quotidienne. Les semelles antid\u00e9rapantes offrent une adh\u00e9rence parfaite, assurant une s\u00e9curit\u00e9 optimale \u00e0 vos petits aventuriers. Le renfort ajout\u00e9 sur le devant pour certains coloris garantit une solidit\u00e9 \u00e0 toute \u00e9preuve. Optez pour les baskets Zayn pour allier confort, style et respect de l'environnement.","robots":{"index":"index","follow":"follow","max-snippet":"max-snippet:-1","max-image-preview":"max-image-preview:large","max-video-preview":"max-video-preview:-1"},"canonical":"https:\/\/hobbrand.com\/en\/happy-feet\/zayn-10\/","og_locale":"en_US","og_type":"article","og_title":"Baskets pour b\u00e9b\u00e9 : ZAYN - HOB BRAND","og_description":"Les baskets Zayn sont des chaussures souples en cuir \u00e0 tannage v\u00e9g\u00e9tal, parfaites pour les pr\u00e9-marches et les premiers pas des b\u00e9b\u00e9s. Avec leurs scratchs pratiques, elles sont faciles \u00e0 enfiler pour une utilisation quotidienne. Les semelles antid\u00e9rapantes offrent une adh\u00e9rence parfaite, assurant une s\u00e9curit\u00e9 optimale \u00e0 vos petits aventuriers. Le renfort ajout\u00e9 sur le devant pour certains coloris garantit une solidit\u00e9 \u00e0 toute \u00e9preuve. Optez pour les baskets Zayn pour allier confort, style et respect de l'environnement.","og_url":"https:\/\/hobbrand.com\/en\/happy-feet\/zayn-10\/","og_site_name":"HOB BRAND","article_publisher":"https:\/\/web.facebook.com\/hobfeelgoods\/","article_modified_time":"2025-02-20T11:11:55+00:00","og_image":[{"width":2048,"height":2048,"url":"https:\/\/hobbrand.com\/wp-content\/uploads\/2023\/08\/HOB0008.jpg","type":"image\/jpeg"}],"twitter_card":"summary_large_image","twitter_misc":{"Est. reading time":"1 minute"},"schema":{"@context":"https:\/\/schema.org","@graph":[{"@type":"WebPage","@id":"https:\/\/hobbrand.com\/happy-feet\/zayn-10\/","url":"https:\/\/hobbrand.com\/happy-feet\/zayn-10\/","name":"Baskets pour b\u00e9b\u00e9 : ZAYN - HOB BRAND","isPartOf":{"@id":"https:\/\/hobbrand.com\/#website"},"primaryImageOfPage":{"@id":"https:\/\/hobbrand.com\/happy-feet\/zayn-10\/#primaryimage"},"image":{"@id":"https:\/\/hobbrand.com\/happy-feet\/zayn-10\/#primaryimage"},"thumbnailUrl":"https:\/\/hobbrand.com\/wp-content\/uploads\/2023\/08\/HOB0008.jpg","datePublished":"2023-08-24T11:28:58+00:00","dateModified":"2025-02-20T11:11:55+00:00","description":"Les baskets Zayn sont des chaussures souples en cuir \u00e0 tannage v\u00e9g\u00e9tal, parfaites pour les pr\u00e9-marches et les premiers pas des b\u00e9b\u00e9s. Avec leurs scratchs pratiques, elles sont faciles \u00e0 enfiler pour une utilisation quotidienne. Les semelles antid\u00e9rapantes offrent une adh\u00e9rence parfaite, assurant une s\u00e9curit\u00e9 optimale \u00e0 vos petits aventuriers. Le renfort ajout\u00e9 sur le devant pour certains coloris garantit une solidit\u00e9 \u00e0 toute \u00e9preuve. Optez pour les baskets Zayn pour allier confort, style et respect de l'environnement.","breadcrumb":{"@id":"https:\/\/hobbrand.com\/happy-feet\/zayn-10\/#breadcrumb"},"inLanguage":"en-US","potentialAction":[{"@type":"ReadAction","target":["https:\/\/hobbrand.com\/happy-feet\/zayn-10\/"]}]},{"@type":"ImageObject","inLanguage":"en-US","@id":"https:\/\/hobbrand.com\/happy-feet\/zayn-10\/#primaryimage","url":"https:\/\/hobbrand.com\/wp-content\/uploads\/2023\/08\/HOB0008.jpg","contentUrl":"https:\/\/hobbrand.com\/wp-content\/uploads\/2023\/08\/HOB0008.jpg","width":2048,"height":2048},{"@type":"BreadcrumbList","@id":"https:\/\/hobbrand.com\/happy-feet\/zayn-10\/#breadcrumb","itemListElement":[{"@type":"ListItem","position":1,"name":"Hob Baby Shoes","item":"https:\/\/hobbrand.com\/a-better-start\/"},{"@type":"ListItem","position":2,"name":"ZAYN"}]},{"@type":"WebSite","@id":"https:\/\/hobbrand.com\/#website","url":"https:\/\/hobbrand.com\/","name":"HOB BRAND","description":"A BETTER START","publisher":{"@id":"https:\/\/hobbrand.com\/#organization"},"potentialAction":[{"@type":"SearchAction","target":{"@type":"EntryPoint","urlTemplate":"https:\/\/hobbrand.com\/?s={search_term_string}"},"query-input":{"@type":"PropertyValueSpecification","valueRequired":true,"valueName":"search_term_string"}}],"inLanguage":"en-US"},{"@type":"Organization","@id":"https:\/\/hobbrand.com\/#organization","name":"HOB BRAND","url":"https:\/\/hobbrand.com\/","logo":{"@type":"ImageObject","inLanguage":"en-US","@id":"https:\/\/hobbrand.com\/#\/schema\/logo\/image\/","url":"https:\/\/hobbrand.com\/wp-content\/uploads\/2022\/11\/cropped-cropped-Logo_450_250.png","contentUrl":"https:\/\/hobbrand.com\/wp-content\/uploads\/2022\/11\/cropped-cropped-Logo_450_250.png","width":450,"height":232,"caption":"HOB BRAND"},"image":{"@id":"https:\/\/hobbrand.com\/#\/schema\/logo\/image\/"},"sameAs":["https:\/\/web.facebook.com\/hobfeelgoods\/","https:\/\/www.instagram.com\/hob_brand\/"]}]}},"uagb_featured_image_src":{"full":["https:\/\/hobbrand.com\/wp-content\/uploads\/2023\/08\/HOB0008.jpg",2048,2048,false],"thumbnail":["https:\/\/hobbrand.com\/wp-content\/uploads\/2023\/08\/HOB0008-150x150.jpg",150,150,true],"medium":["https:\/\/hobbrand.com\/wp-content\/uploads\/2023\/08\/HOB0008-300x300.jpg",300,300,true],"medium_large":["https:\/\/hobbrand.com\/wp-content\/uploads\/2023\/08\/HOB0008-768x768.jpg",768,768,true],"large":["https:\/\/hobbrand.com\/wp-content\/uploads\/2023\/08\/HOB0008-1024x1024.jpg",1024,1024,true],"1536x1536":["https:\/\/hobbrand.com\/wp-content\/uploads\/2023\/08\/HOB0008-1536x1536.jpg",1536,1536,true],"2048x2048":["https:\/\/hobbrand.com\/wp-content\/uploads\/2023\/08\/HOB0008.jpg",2048,2048,false],"trp-custom-language-flag":["https:\/\/hobbrand.com\/wp-content\/uploads\/2023\/08\/HOB0008-12x12.jpg",12,12,true],"depicter-thumbnail":["https:\/\/hobbrand.com\/wp-content\/uploads\/2023\/08\/HOB0008-200x200.jpg",200,200,true],"woocommerce_thumbnail":["https:\/\/hobbrand.com\/wp-content\/uploads\/2023\/08\/HOB0008-400x400.jpg",400,400,true],"woocommerce_single":["https:\/\/hobbrand.com\/wp-content\/uploads\/2023\/08\/HOB0008-400x400.jpg",400,400,true],"woocommerce_gallery_thumbnail":["https:\/\/hobbrand.com\/wp-content\/uploads\/2023\/08\/HOB0008-100x100.jpg",100,100,true]},"uagb_author_info":{"display_name":"Hajar Nouari","author_link":"https:\/\/hobbrand.com\/en\/author\/hajar-nouari\/"},"uagb_comment_info":0,"uagb_excerpt":"Les baskets Zayn sont des chaussures souples adapt\u00e9es \u00e0 la pr\u00e9-marche et aux premiers pas des b\u00e9b\u00e9s. Con\u00e7ues \u00e0 partir de cuir \u00e0 tannage v\u00e9g\u00e9tal, elles sont non seulement confortables mais aussi respectueuses de la sant\u00e9 et de l'environnement. Avec leurs scratchs pratiques, les baskets Zayn sont faciles \u00e0 mettre et \u00e0 enlever, ce qui&hellip;","featured_img":"https:\/\/hobbrand.com\/wp-content\/uploads\/2023\/08\/HOB0008.jpg","coauthors":[],"author_meta":{"author_link":"https:\/\/hobbrand.com\/en\/author\/hajar-nouari\/","display_name":"Hajar Nouari"},"relative_dates":{"created":"Posted 3 years ago","modified":"Updated 1 year ago"},"absolute_dates":{"created":"Posted on 24\/08\/2023","modified":"Updated on 20\/02\/2025"},"absolute_dates_time":{"created":"Posted on 24\/08\/2023 12:28","modified":"Updated on 20\/02\/2025 12:11"},"featured_img_caption":"","tax_additional":{"product_brand":{"linked":[],"unlinked":[],"slug":"product_brand","name":"Brands"},"product_type":{"linked":["<a href=\"https:\/\/hobbrand.com\/en\/?taxonomy=product_type&#038;term=variable\" class=\"advgb-post-tax-term\">variable<\/a>"],"unlinked":["<span class=\"advgb-post-tax-term\">variable<\/span>"],"slug":"product_type","name":"Product type"},"product_visibility":{"linked":[],"unlinked":[],"slug":"product_visibility","name":"Product visibility"},"product_cat":{"linked":["<a href=\"https:\/\/hobbrand.com\/en\/happy-feet-products\/back-to-school\/\" class=\"advgb-post-tax-term\">Back To School<\/a>","<a href=\"https:\/\/hobbrand.com\/en\/happy-feet-products\/zayn-bien-dans-mes-baskets\/\" class=\"advgb-post-tax-term\">Baskets<\/a>"],"unlinked":["<span class=\"advgb-post-tax-term\">Back To School<\/span>","<span class=\"advgb-post-tax-term\">Baskets<\/span>"],"slug":"product_cat","name":"Product categories"},"product_tag":{"linked":[],"unlinked":[],"slug":"product_tag","name":"Product tags"},"product_shipping_class":{"linked":[],"unlinked":[],"slug":"product_shipping_class","name":"Product shipping classes"},"pos_product_visibility":{"linked":[],"unlinked":[],"slug":"pos_product_visibility","name":"POS Product visibility"},"pa_color":{"linked":[],"unlinked":[],"slug":"pa_color","name":"Product Couleur"},"pa_size":{"linked":["<a href=\"https:\/\/hobbrand.com\/en\/size\/18-19\/\" class=\"advgb-post-tax-term\">18\/19<\/a>","<a href=\"https:\/\/hobbrand.com\/en\/size\/20-21\/\" class=\"advgb-post-tax-term\">20\/21<\/a>","<a href=\"https:\/\/hobbrand.com\/en\/size\/22-23\/\" class=\"advgb-post-tax-term\">22\/23<\/a>","<a href=\"https:\/\/hobbrand.com\/en\/size\/24\/\" class=\"advgb-post-tax-term\">24<\/a>"],"unlinked":["<span class=\"advgb-post-tax-term\">18\/19<\/span>","<span class=\"advgb-post-tax-term\">20\/21<\/span>","<span class=\"advgb-post-tax-term\">22\/23<\/span>","<span class=\"advgb-post-tax-term\">24<\/span>"],"slug":"pa_size","name":"Product Taille"}},"series_order":"","jetpack_sharing_enabled":true,"_links":{"self":[{"href":"https:\/\/hobbrand.com\/en\/wp-json\/wp\/v2\/product\/17876","targetHints":{"allow":["GET"]}}],"collection":[{"href":"https:\/\/hobbrand.com\/en\/wp-json\/wp\/v2\/product"}],"about":[{"href":"https:\/\/hobbrand.com\/en\/wp-json\/wp\/v2\/types\/product"}],"replies":[{"embeddable":true,"href":"https:\/\/hobbrand.com\/en\/wp-json\/wp\/v2\/comments?post=17876"}],"wp:featuredmedia":[{"embeddable":true,"href":"https:\/\/hobbrand.com\/en\/wp-json\/wp\/v2\/media\/17697"}],"wp:attachment":[{"href":"https:\/\/hobbrand.com\/en\/wp-json\/wp\/v2\/media?parent=17876"}],"wp:term":[{"taxonomy":"product_brand","embeddable":true,"href":"https:\/\/hobbrand.com\/en\/wp-json\/wp\/v2\/product_brand?post=17876"},{"taxonomy":"product_cat","embeddable":true,"href":"https:\/\/hobbrand.com\/en\/wp-json\/wp\/v2\/product_cat?post=17876"},{"taxonomy":"product_tag","embeddable":true,"href":"https:\/\/hobbrand.com\/en\/wp-json\/wp\/v2\/product_tag?post=17876"}],"curies":[{"name":"wp","href":"https:\/\/api.w.org\/{rel}","templated":true}]}}