{"id":14465,"date":"2022-09-07T11:37:35","date_gmt":"2022-09-07T10:37:35","guid":{"rendered":"https:\/\/hobbrand.com\/?page_id=14465"},"modified":"2023-01-26T14:40:08","modified_gmt":"2023-01-26T13:40:08","slug":"faqs","status":"publish","type":"page","link":"https:\/\/hobbrand.com\/en\/faqs\/","title":{"rendered":"FAQ&rsquo;s"},"content":{"rendered":"<h2 style=\"text-align: center;\">F.A.Q<\/h2>\n<div id=\"JQ4LUJK\" data-content-type=\"bobuxpagebuilder_pageinfocontent\" data-appearance=\"default\" data-background-images=\"{}\" data-element=\"main\" data-pb-style=\"623B1B14DB7F6\">\n<div data-content-type=\"text\" data-appearance=\"default\" data-element=\"main\" data-pb-style=\"623B1B14DB805\">\n<p><span data-pb-style=\"623B1B14DB813\">Vous trouverez ci-dessous certaines des questions les plus fr\u00e9quemment pos\u00e9es par nos clients. Si vous avez une question pour laquelle vous ne trouvez pas de r\u00e9ponse, n\u2019h\u00e9sitez pas \u00e0 nous contacter et nous serons ravis d\u2019y r\u00e9pondre!<\/span><\/p>\n<\/div>\n<\/div>\n<div id=\"J3LGLYE\" data-content-type=\"bobuxpagebuilder_pageinfocontent\" data-appearance=\"default\" data-background-images=\"{}\" data-element=\"main\" data-pb-style=\"623B1B14DB821\">\n<div class=\"page-info__heading\"><\/div>\n<\/div>\n<p><a>Les chaussures Hob\u00a0<\/a><\/p>\n<p>Nos chaussures sont cr\u00e9es \u00e0 la main \u00e0 partir de mat\u00e9riaux sains et innovants, confortables, respectueux de l\u2019ergonomie et de la sant\u00e9 de l\u2019enfant.<\/p>\n<p><a>Est-ce que la semelle est anti-d\u00e9rapante?<\/a><\/p>\n<p>Les chaussures et chaussons Hob sont dot\u00e9es d\u2019une semelle tr\u00e8s souple, anti-d\u00e9rapante qui favorise le d\u00e9veloppement moteur et musculaire des pieds des b\u00e9b\u00e9s et permet une bonne isolation du sol.<\/p>\n<p><a>Comment je peux savoir la pointure de mon b\u00e9b\u00e9? <\/a><\/p>\n<p>La meilleure solution est de mesurer le pied de votre enfant. Vous trouverez le guide des tailles que nous proposons en ligne.<\/p>\n<p><a> Combien de temps faut-il pour que ma commande arrive?<\/a><\/p>\n<p>Pour les livraisons internationales, nous exp\u00e9dions par FEDEX et il faut compter 2 \u00e0 3 jours ouvrables pour la livraison, selon la destination. Gardez \u00e0 l\u2019esprit que nos coursiers peuvent avoir des retards de temps en temps (par exemple, pendant la p\u00e9riode des f\u00eates), alors faites votre achat t\u00f4t si vous en avez besoin pour une date pr\u00e9cise !<\/p>\n<p>Pour les livraisons au Maroc :<br \/>\nCasablanca : Entre 24h et 48h<br \/>\nAutres villes : Via AMANA entre 3 et 4 jours.<\/p>\n<p>Avant de compl\u00e9ter votre achat, veuillez v\u00e9rifier si l\u2019adresse de livraison du destinataire est erron\u00e9e, s\u2019il y a eu un changement d\u2019adresse ou si le courrier ne peut pas \u00eatre distribu\u00e9 dans un complexe d\u2019appartements. HOB ne peut \u00eatre tenu responsable de ce genre de probl\u00e8mes.<\/p>\n<p>Lorsque votre colis dispose d\u2019un num\u00e9ro de suivi, vous recevrez une notification par courriel.<\/p>\n<p>Si vous avez un besoin urgent et que le calendrier ci-dessus ne fonctionne pas, veuillez nous envoyer un courriel \u00e0 contacthobbrand.com, et nous ferons de notre mieux pour vous satisfaire.<\/p>\n<p><a>Offrez-vous des services d&rsquo;exp\u00e9dition dans le monde entier?<\/a><\/p>\n<p>Oui, nous le faisons. Le prix et le d\u00e9lai de livraison peuvent varier en fonction de la distance qui vous s\u00e9pare de nos entrep\u00f4ts. N\u2019h\u00e9sitez pas \u00e0 nous contacter \u00e0 contacthobbrand.com pour toute question.<\/p>","protected":false},"excerpt":{"rendered":"<p>F.A.Q Vous trouverez ci-dessous certaines des questions les plus fr\u00e9quemment pos\u00e9es par nos clients. Si vous avez une question pour laquelle vous ne trouvez pas de r\u00e9ponse, n\u2019h\u00e9sitez pas \u00e0 nous contacter et nous serons ravis d\u2019y r\u00e9pondre! Les chaussures Hob\u00a0 Nos chaussures sont cr\u00e9es \u00e0 la main \u00e0 partir de mat\u00e9riaux sains et innovants, [&hellip;]<\/p>","protected":false},"author":200,"featured_media":0,"parent":0,"menu_order":0,"comment_status":"closed","ping_status":"closed","template":"","meta":{"_uag_custom_page_level_css":"","advgb_blocks_editor_width":"","advgb_blocks_columns_visual_guide":"","site-sidebar-layout":"default","site-content-layout":"","ast-site-content-layout":"default","site-content-style":"default","site-sidebar-style":"default","ast-global-header-display":"","ast-banner-title-visibility":"","ast-main-header-display":"","ast-hfb-above-header-display":"","ast-hfb-below-header-display":"","ast-hfb-mobile-header-display":"","site-post-title":"disabled","ast-breadcrumbs-content":"","ast-featured-img":"","footer-sml-layout":"","ast-disable-related-posts":"","theme-transparent-header-meta":"","adv-header-id-meta":"","stick-header-meta":"","header-above-stick-meta":"","header-main-stick-meta":"","header-below-stick-meta":"","astra-migrate-meta-layouts":"default","ast-page-background-enabled":"default","ast-page-background-meta":{"desktop":{"background-color":"var(--ast-global-color-4)","background-image":"","background-repeat":"repeat","background-position":"center center","background-size":"auto","background-attachment":"scroll","background-type":"","background-media":"","overlay-type":"","overlay-color":"","overlay-opacity":"","overlay-gradient":""},"tablet":{"background-color":"","background-image":"","background-repeat":"repeat","background-position":"center center","background-size":"auto","background-attachment":"scroll","background-type":"","background-media":"","overlay-type":"","overlay-color":"","overlay-opacity":"","overlay-gradient":""},"mobile":{"background-color":"","background-image":"","background-repeat":"repeat","background-position":"center center","background-size":"auto","background-attachment":"scroll","background-type":"","background-media":"","overlay-type":"","overlay-color":"","overlay-opacity":"","overlay-gradient":""}},"ast-content-background-meta":{"desktop":{"background-color":"var(--ast-global-color-5)","background-image":"","background-repeat":"repeat","background-position":"center center","background-size":"auto","background-attachment":"scroll","background-type":"","background-media":"","overlay-type":"","overlay-color":"","overlay-opacity":"","overlay-gradient":""},"tablet":{"background-color":"var(--ast-global-color-5)","background-image":"","background-repeat":"repeat","background-position":"center center","background-size":"auto","background-attachment":"scroll","background-type":"","background-media":"","overlay-type":"","overlay-color":"","overlay-opacity":"","overlay-gradient":""},"mobile":{"background-color":"var(--ast-global-color-5)","background-image":"","background-repeat":"repeat","background-position":"center center","background-size":"auto","background-attachment":"scroll","background-type":"","background-media":"","overlay-type":"","overlay-color":"","overlay-opacity":"","overlay-gradient":""}},"footnotes":""},"class_list":["post-14465","page","type-page","status-publish","hentry"],"yoast_head":"<!-- This site is optimized with the Yoast SEO plugin v25.9 - https:\/\/yoast.com\/wordpress\/plugins\/seo\/ -->\n<title>FAQ&#039;s - HOB BRAND<\/title>\n<meta name=\"robots\" content=\"index, follow, max-snippet:-1, max-image-preview:large, max-video-preview:-1\" \/>\n<link rel=\"canonical\" href=\"https:\/\/hobbrand.com\/en\/faqs\/\" \/>\n<meta property=\"og:locale\" content=\"en_US\" \/>\n<meta property=\"og:type\" content=\"article\" \/>\n<meta property=\"og:title\" content=\"FAQ&#039;s - HOB BRAND\" \/>\n<meta property=\"og:description\" content=\"F.A.Q Vous trouverez ci-dessous certaines des questions les plus fr\u00e9quemment pos\u00e9es par nos clients. Si vous avez une question pour laquelle vous ne trouvez pas de r\u00e9ponse, n\u2019h\u00e9sitez pas \u00e0 nous contacter et nous serons ravis d\u2019y r\u00e9pondre! Les chaussures Hob\u00a0 Nos chaussures sont cr\u00e9es \u00e0 la main \u00e0 partir de mat\u00e9riaux sains et innovants, [&hellip;]\" \/>\n<meta property=\"og:url\" content=\"https:\/\/hobbrand.com\/en\/faqs\/\" \/>\n<meta property=\"og:site_name\" content=\"HOB BRAND\" \/>\n<meta property=\"article:publisher\" content=\"https:\/\/web.facebook.com\/hobfeelgoods\/\" \/>\n<meta property=\"article:modified_time\" content=\"2023-01-26T13:40:08+00:00\" \/>\n<meta property=\"og:image\" content=\"https:\/\/hobbrand.com\/wp-content\/uploads\/2022\/09\/HOB-HIVER-23-360.jpg\" \/>\n\t<meta property=\"og:image:width\" content=\"1024\" \/>\n\t<meta property=\"og:image:height\" content=\"1024\" \/>\n\t<meta property=\"og:image:type\" content=\"image\/jpeg\" \/>\n<meta name=\"twitter:card\" content=\"summary_large_image\" \/>\n<meta name=\"twitter:label1\" content=\"Est. reading time\" \/>\n\t<meta name=\"twitter:data1\" content=\"2 minutes\" \/>\n<script type=\"application\/ld+json\" class=\"yoast-schema-graph\">{\"@context\":\"https:\/\/schema.org\",\"@graph\":[{\"@type\":\"WebPage\",\"@id\":\"https:\/\/hobbrand.com\/faqs\/\",\"url\":\"https:\/\/hobbrand.com\/faqs\/\",\"name\":\"FAQ's - HOB BRAND\",\"isPartOf\":{\"@id\":\"https:\/\/hobbrand.com\/#website\"},\"datePublished\":\"2022-09-07T10:37:35+00:00\",\"dateModified\":\"2023-01-26T13:40:08+00:00\",\"inLanguage\":\"en-US\",\"potentialAction\":[{\"@type\":\"ReadAction\",\"target\":[\"https:\/\/hobbrand.com\/faqs\/\"]}]},{\"@type\":\"WebSite\",\"@id\":\"https:\/\/hobbrand.com\/#website\",\"url\":\"https:\/\/hobbrand.com\/\",\"name\":\"HOB BRAND\",\"description\":\"A BETTER START\",\"publisher\":{\"@id\":\"https:\/\/hobbrand.com\/#organization\"},\"potentialAction\":[{\"@type\":\"SearchAction\",\"target\":{\"@type\":\"EntryPoint\",\"urlTemplate\":\"https:\/\/hobbrand.com\/?s={search_term_string}\"},\"query-input\":{\"@type\":\"PropertyValueSpecification\",\"valueRequired\":true,\"valueName\":\"search_term_string\"}}],\"inLanguage\":\"en-US\"},{\"@type\":\"Organization\",\"@id\":\"https:\/\/hobbrand.com\/#organization\",\"name\":\"HOB BRAND\",\"url\":\"https:\/\/hobbrand.com\/\",\"logo\":{\"@type\":\"ImageObject\",\"inLanguage\":\"en-US\",\"@id\":\"https:\/\/hobbrand.com\/#\/schema\/logo\/image\/\",\"url\":\"https:\/\/hobbrand.com\/wp-content\/uploads\/2022\/11\/cropped-cropped-Logo_450_250.png\",\"contentUrl\":\"https:\/\/hobbrand.com\/wp-content\/uploads\/2022\/11\/cropped-cropped-Logo_450_250.png\",\"width\":450,\"height\":232,\"caption\":\"HOB BRAND\"},\"image\":{\"@id\":\"https:\/\/hobbrand.com\/#\/schema\/logo\/image\/\"},\"sameAs\":[\"https:\/\/web.facebook.com\/hobfeelgoods\/\",\"https:\/\/www.instagram.com\/hob_brand\/\"]}]}<\/script>\n<!-- \/ Yoast SEO plugin. -->","yoast_head_json":{"title":"FAQ's - HOB BRAND","robots":{"index":"index","follow":"follow","max-snippet":"max-snippet:-1","max-image-preview":"max-image-preview:large","max-video-preview":"max-video-preview:-1"},"canonical":"https:\/\/hobbrand.com\/en\/faqs\/","og_locale":"en_US","og_type":"article","og_title":"FAQ's - HOB BRAND","og_description":"F.A.Q Vous trouverez ci-dessous certaines des questions les plus fr\u00e9quemment pos\u00e9es par nos clients. Si vous avez une question pour laquelle vous ne trouvez pas de r\u00e9ponse, n\u2019h\u00e9sitez pas \u00e0 nous contacter et nous serons ravis d\u2019y r\u00e9pondre! Les chaussures Hob\u00a0 Nos chaussures sont cr\u00e9es \u00e0 la main \u00e0 partir de mat\u00e9riaux sains et innovants, [&hellip;]","og_url":"https:\/\/hobbrand.com\/en\/faqs\/","og_site_name":"HOB BRAND","article_publisher":"https:\/\/web.facebook.com\/hobfeelgoods\/","article_modified_time":"2023-01-26T13:40:08+00:00","og_image":[{"width":1024,"height":1024,"url":"https:\/\/hobbrand.com\/wp-content\/uploads\/2022\/09\/HOB-HIVER-23-360.jpg","type":"image\/jpeg"}],"twitter_card":"summary_large_image","twitter_misc":{"Est. reading time":"2 minutes"},"schema":{"@context":"https:\/\/schema.org","@graph":[{"@type":"WebPage","@id":"https:\/\/hobbrand.com\/faqs\/","url":"https:\/\/hobbrand.com\/faqs\/","name":"FAQ's - HOB BRAND","isPartOf":{"@id":"https:\/\/hobbrand.com\/#website"},"datePublished":"2022-09-07T10:37:35+00:00","dateModified":"2023-01-26T13:40:08+00:00","inLanguage":"en-US","potentialAction":[{"@type":"ReadAction","target":["https:\/\/hobbrand.com\/faqs\/"]}]},{"@type":"WebSite","@id":"https:\/\/hobbrand.com\/#website","url":"https:\/\/hobbrand.com\/","name":"HOB BRAND","description":"A BETTER START","publisher":{"@id":"https:\/\/hobbrand.com\/#organization"},"potentialAction":[{"@type":"SearchAction","target":{"@type":"EntryPoint","urlTemplate":"https:\/\/hobbrand.com\/?s={search_term_string}"},"query-input":{"@type":"PropertyValueSpecification","valueRequired":true,"valueName":"search_term_string"}}],"inLanguage":"en-US"},{"@type":"Organization","@id":"https:\/\/hobbrand.com\/#organization","name":"HOB BRAND","url":"https:\/\/hobbrand.com\/","logo":{"@type":"ImageObject","inLanguage":"en-US","@id":"https:\/\/hobbrand.com\/#\/schema\/logo\/image\/","url":"https:\/\/hobbrand.com\/wp-content\/uploads\/2022\/11\/cropped-cropped-Logo_450_250.png","contentUrl":"https:\/\/hobbrand.com\/wp-content\/uploads\/2022\/11\/cropped-cropped-Logo_450_250.png","width":450,"height":232,"caption":"HOB BRAND"},"image":{"@id":"https:\/\/hobbrand.com\/#\/schema\/logo\/image\/"},"sameAs":["https:\/\/web.facebook.com\/hobfeelgoods\/","https:\/\/www.instagram.com\/hob_brand\/"]}]}},"uagb_featured_image_src":{"full":false,"thumbnail":false,"medium":false,"medium_large":false,"large":false,"1536x1536":false,"2048x2048":false,"trp-custom-language-flag":false,"depicter-thumbnail":false,"woocommerce_thumbnail":false,"woocommerce_single":false,"woocommerce_gallery_thumbnail":false},"uagb_author_info":{"display_name":"Hajar Nouari","author_link":"https:\/\/hobbrand.com\/en\/author\/hajar-nouari\/"},"uagb_comment_info":0,"uagb_excerpt":"F.A.Q Vous trouverez ci-dessous certaines des questions les plus fr\u00e9quemment pos\u00e9es par nos clients. Si vous avez une question pour laquelle vous ne trouvez pas de r\u00e9ponse, n\u2019h\u00e9sitez pas \u00e0 nous contacter et nous serons ravis d\u2019y r\u00e9pondre! Les chaussures Hob\u00a0 Nos chaussures sont cr\u00e9es \u00e0 la main \u00e0 partir de mat\u00e9riaux sains et innovants,&hellip;","coauthors":[],"author_meta":{"author_link":"https:\/\/hobbrand.com\/en\/author\/hajar-nouari\/","display_name":"Hajar Nouari"},"relative_dates":{"created":"Posted 4 years ago","modified":"Updated 3 years ago"},"absolute_dates":{"created":"Posted on 07\/09\/2022","modified":"Updated on 26\/01\/2023"},"absolute_dates_time":{"created":"Posted on 07\/09\/2022 11:37","modified":"Updated on 26\/01\/2023 14:40"},"featured_img_caption":"","featured_img":false,"series_order":"","jetpack_sharing_enabled":true,"_links":{"self":[{"href":"https:\/\/hobbrand.com\/en\/wp-json\/wp\/v2\/pages\/14465","targetHints":{"allow":["GET"]}}],"collection":[{"href":"https:\/\/hobbrand.com\/en\/wp-json\/wp\/v2\/pages"}],"about":[{"href":"https:\/\/hobbrand.com\/en\/wp-json\/wp\/v2\/types\/page"}],"author":[{"embeddable":true,"href":"https:\/\/hobbrand.com\/en\/wp-json\/wp\/v2\/users\/200"}],"replies":[{"embeddable":true,"href":"https:\/\/hobbrand.com\/en\/wp-json\/wp\/v2\/comments?post=14465"}],"version-history":[{"count":6,"href":"https:\/\/hobbrand.com\/en\/wp-json\/wp\/v2\/pages\/14465\/revisions"}],"predecessor-version":[{"id":16948,"href":"https:\/\/hobbrand.com\/en\/wp-json\/wp\/v2\/pages\/14465\/revisions\/16948"}],"wp:attachment":[{"href":"https:\/\/hobbrand.com\/en\/wp-json\/wp\/v2\/media?parent=14465"}],"curies":[{"name":"wp","href":"https:\/\/api.w.org\/{rel}","templated":true}]}}