{"id":13937,"date":"2022-08-31T12:21:31","date_gmt":"2022-08-31T11:21:31","guid":{"rendered":"https:\/\/hobbrand.com\/?page_id=13937"},"modified":"2023-01-24T11:29:17","modified_gmt":"2023-01-24T10:29:17","slug":"notre-histoire","status":"publish","type":"page","link":"https:\/\/hobbrand.com\/en\/notre-histoire\/","title":{"rendered":"Our Story"},"content":{"rendered":"<div class=\"wp-block-uagb-container uagb-block-708bd27c alignfull uagb-is-root-container\"><div class=\"uagb-container-inner-blocks-wrap\">\n<div class=\"wp-block-uagb-advanced-heading uagb-block-7cc4dcce\"><h1 class=\"uagb-heading-text\">Our Story<\/h1><div class=\"uagb-separator\"><\/div><\/div>\n<\/div><\/div>\n\n\n\n<div style=\"height:100px\" aria-hidden=\"true\" class=\"wp-block-spacer\"><\/div>\n\n\n\n<div class=\"wp-block-uagb-container uagb-block-da62b0e6 alignfull uagb-is-root-container\"><div class=\"uagb-container-inner-blocks-wrap\">\n<p class=\"has-text-align-center has-ast-global-color-2-color has-text-color\"><strong>LOVE, \u062d\u0628, AMOUR, \u05d0\u05d4\u05d1\u05d4, LIEBE, \u7231<\/strong><\/p>\n<\/div><\/div>\n\n\n\n<div class=\"wp-block-uagb-advanced-heading uagb-block-eb401319\"><h2 class=\"uagb-heading-text\">HOB<\/h2><div class=\"uagb-separator\"><\/div><\/div>\n\n\n\n<div class=\"wp-block-uagb-container uagb-block-6f81db6e alignfull uagb-is-root-container\"><div class=\"uagb-container-inner-blocks-wrap\">\n<div class=\"wp-block-uagb-container uagb-block-af98020c\"><\/div>\n\n\n\n<div class=\"wp-block-uagb-container uagb-block-ef5cd1ed\">\n<p class=\"has-text-align-center has-ast-global-color-2-color has-text-color translation-block\">It is the story of two friends who created a brand born from the union between needs and values, a brand that offers babies-adapted articles while respecting our planet.<\/p>\n<\/div>\n\n\n\n<div class=\"wp-block-uagb-container uagb-block-26d3cebc\"><\/div>\n<\/div><\/div>\n\n\n\n<div class=\"wp-block-uagb-container uagb-block-4a54efac alignfull uagb-is-root-container\"><div class=\"uagb-container-inner-blocks-wrap\">\n<div class=\"wp-block-uagb-container uagb-block-20297d15\">\n<div class=\"wp-block-uagb-info-box uagb-block-e2e8d989 uagb-infobox__content-wrap  uagb-infobox-icon-above-title uagb-infobox-image-valign-top advgb-block-e2e8d989\"><div class=\"uagb-ifb-content\"><div class=\"uagb-ifb-title-wrap\"><h3 class=\"uagb-ifb-title\">OUR STORY<\/h3><\/div><p class=\"uagb-ifb-desc\">This is the story of two friends (Hind and Samia), two moms who, between two dance classes, during long meals and exchanges, wondered how to offer babies different shoes but adapted to respect the baby's body and the planet. The need was there, and Hind could not find how to put her first baby's shoes on. Hob was born at that moment, a marriage between a need and values. Values that are today the foundations of the brand.<br>Indeed, at Hob, we try to contribute to a fairer, more reasoned, more sustainable, and more united industry through different aspects: environmental, social, and craft.<br><br>Hob is today a team made up of artisans, contributors, administrators, and the latest arrival: Hajar, who, thanks to her good mood and her original ideas, manages our social networks and the digital world with a master's hand.<\/p><div class=\"uagb-ifb-button-wrapper wp-block-button\"><a href=\"https:\/\/hobbrand.com\/en\/happy-feet-products\/noor-chaussons-d-amour\/\" class=\"uagb-infobox-cta-link wp-block-button__link\" target=\"_self\" rel=\"noopener noreferrer\" alt=\"\"><span class=\"uagb-inline-editing\">Our Best Sellers<\/span><\/a><\/div><\/div><\/div>\n<\/div>\n\n\n\n<div class=\"wp-block-uagb-container uagb-block-fc5e5355\">\n<figure class=\"wp-block-image size-large is-resized\"><a href=\"https:\/\/hobbrand.com\/wp-content\/uploads\/2022\/11\/Hob-Team-.png\"><img loading=\"lazy\" decoding=\"async\" src=\"https:\/\/hobbrand.com\/wp-content\/uploads\/2022\/11\/Hob-Team--1024x1024.png\" alt=\"\" class=\"wp-image-16649\" width=\"638\" height=\"638\" srcset=\"https:\/\/hobbrand.com\/wp-content\/uploads\/2022\/11\/Hob-Team--1024x1024.png 1024w, https:\/\/hobbrand.com\/wp-content\/uploads\/2022\/11\/Hob-Team--300x300.png 300w, https:\/\/hobbrand.com\/wp-content\/uploads\/2022\/11\/Hob-Team--150x150.png 150w, https:\/\/hobbrand.com\/wp-content\/uploads\/2022\/11\/Hob-Team--768x768.png 768w, https:\/\/hobbrand.com\/wp-content\/uploads\/2022\/11\/Hob-Team--12x12.png 12w, https:\/\/hobbrand.com\/wp-content\/uploads\/2022\/11\/Hob-Team--200x200.png 200w, https:\/\/hobbrand.com\/wp-content\/uploads\/2022\/11\/Hob-Team--400x400.png 400w, https:\/\/hobbrand.com\/wp-content\/uploads\/2022\/11\/Hob-Team--100x100.png 100w, https:\/\/hobbrand.com\/wp-content\/uploads\/2022\/11\/Hob-Team-.png 1080w\" sizes=\"auto, (max-width: 638px) 100vw, 638px\" \/><\/a><\/figure>\n<\/div>\n<\/div><\/div>\n\n\n\n<div class=\"wp-block-uagb-container uagb-block-20e0b092 alignfull uagb-is-root-container\"><div class=\"uagb-container-inner-blocks-wrap\">\n<div class=\"wp-block-uagb-container uagb-block-35195357\">\n<div class=\"wp-block-uagb-image uagb-block-3e9e1103 wp-block-uagb-image--layout-default wp-block-uagb-image--effect-slide wp-block-uagb-image--align-none advgb-block-3e9e1103\"><figure class=\"wp-block-uagb-image__figure\"><a class=\"\" href=\"https:\/\/hobbrand.com\/wp-content\/uploads\/2022\/09\/HOB2CARE.jpg\" target=\"\" rel=\"noopener\"><img decoding=\"async\" srcset=\"https:\/\/hobbrand.com\/wp-content\/uploads\/2022\/09\/HOB2CARE-1-1024x768.jpg \" src=\"https:\/\/hobbrand.com\/wp-content\/uploads\/2022\/09\/HOB2CARE-1-1024x768.jpg\" alt=\"\" class=\"uag-image-16374\" width=\"1024\" height=\"768\" title=\"\" loading=\"lazy\"\/><\/a><\/figure><\/div>\n<\/div>\n\n\n\n<div class=\"wp-block-uagb-container uagb-block-394c5ae1\">\n<div class=\"wp-block-uagb-advanced-heading uagb-block-00bfd041\"><h2 class=\"uagb-heading-text\">Share the Love<\/h2><p class=\"uagb-desc-text\">HOB 2 CARE<\/p><\/div>\n\n\n\n<p class=\"has-ast-global-color-2-color has-text-color\">In this world full of social inequalities, we cannot remain silent and passive in front of our planet, which cannot breathe anymore. So, we created HOB 2 CARE: We try modestly, at our scale and thanks to the help of our customers, suppliers, friends, and family....to lead various actions, punctual or in duration.<\/p>\n\n\n\n<p class=\"has-ast-global-color-2-color has-text-color\">Social actions: collection and distribution of clothes, slippers, and toys in the cities, in the mountains.<\/p>\n\n\n\n<p class=\"has-ast-global-color-2-color has-text-color\">Eco-friendly actions: beach clean-up, bird rescue...and of course, not forgetting the upcycling of fabric which is part of the brand's foundationSocial actions: collection and distribution of clothes, slippers, and toys in the cities, in the mountains.<\/p>\n\n\n\n<p class=\"has-ast-global-color-2-color has-text-color\">HOB 2 CARE may be a drop in the ocean. Still, we remain convinced that it is the sum of its efforts that will allow us to leave a better world for our children<\/p>\n<\/div>\n<\/div><\/div>\n\n\n\n<div class=\"wp-block-uagb-container uagb-block-fe8a5f13 alignfull uagb-is-root-container\"><div class=\"uagb-container-inner-blocks-wrap\">\n<div class=\"wp-block-uagb-container uagb-block-0016139e\">\n<div class=\"wp-block-uagb-info-box uagb-block-250333a4 uagb-infobox__content-wrap  uagb-infobox-icon-above-title uagb-infobox-image-valign-top\"><div class=\"uagb-ifb-content\"><div class=\"uagb-ifb-title-wrap\"><h3 class=\"uagb-ifb-title\">OUR MISSION <\/h3><\/div><p class=\"uagb-ifb-desc\">To create ethical, aesthetic, sincere and comfortable products for children, which tell a real story, written by several hands.<\/p><\/div><\/div>\n<\/div>\n\n\n\n<div class=\"wp-block-uagb-container uagb-block-b5bc0bae\">\n<div class=\"wp-block-uagb-image uagb-block-c9f61847 wp-block-uagb-image--layout-default wp-block-uagb-image--effect-static wp-block-uagb-image--align-none advgb-block-c9f61847\"><figure class=\"wp-block-uagb-image__figure\"><a class=\"\" href=\"https:\/\/hobbrand.com\/wp-content\/uploads\/2022\/09\/HOB2CARE_5.webp\" target=\"\" rel=\"noopener\"><img decoding=\"async\" srcset=\"https:\/\/hobbrand.com\/wp-content\/uploads\/2022\/09\/Capture-de\u0301cran-2021-06-24-a\u0300-13.05.12-1-1-1024x540.png \" src=\"https:\/\/hobbrand.com\/wp-content\/uploads\/2022\/09\/Capture-de\u0301cran-2021-06-24-a\u0300-13.05.12-1-1-1024x540.png\" alt=\"\" class=\"uag-image-16430\" width=\"1024\" height=\"540\" title=\"\" loading=\"lazy\"\/><\/a><\/figure><\/div>\n<\/div>\n<\/div><\/div>","protected":false},"excerpt":{"rendered":"<p>Notre histoire LOVE, \u062d\u0628, AMOUR, \u05d0\u05d4\u05d1\u05d4, LIEBE, \u7231 HOB C\u2019est l\u2019histoire de deux amies qui ont cr\u00e9\u00e9 une marque n\u00e9e du mariage entre besoinet valeurs, une marque qui offre aux b\u00e9b\u00e9s des articles adapt\u00e9s tout en respectantnotre plan\u00e8te. Share the Love HOB 2 CARE Face \u00e0 ce monde rempli d\u2019in\u00e9galit\u00e9s sociales, face \u00e0 notre plan\u00e8te [&hellip;]<\/p>","protected":false},"author":200,"featured_media":0,"parent":0,"menu_order":0,"comment_status":"closed","ping_status":"closed","template":"","meta":{"_uag_custom_page_level_css":"","advgb_blocks_editor_width":"","advgb_blocks_columns_visual_guide":"","site-sidebar-layout":"default","site-content-layout":"","ast-site-content-layout":"default","site-content-style":"default","site-sidebar-style":"default","ast-global-header-display":"","ast-banner-title-visibility":"","ast-main-header-display":"","ast-hfb-above-header-display":"","ast-hfb-below-header-display":"","ast-hfb-mobile-header-display":"","site-post-title":"disabled","ast-breadcrumbs-content":"","ast-featured-img":"","footer-sml-layout":"","ast-disable-related-posts":"","theme-transparent-header-meta":"","adv-header-id-meta":"","stick-header-meta":"","header-above-stick-meta":"","header-main-stick-meta":"","header-below-stick-meta":"","astra-migrate-meta-layouts":"default","ast-page-background-enabled":"default","ast-page-background-meta":{"desktop":{"background-color":"var(--ast-global-color-4)","background-image":"","background-repeat":"repeat","background-position":"center center","background-size":"auto","background-attachment":"scroll","background-type":"","background-media":"","overlay-type":"","overlay-color":"","overlay-opacity":"","overlay-gradient":""},"tablet":{"background-color":"","background-image":"","background-repeat":"repeat","background-position":"center center","background-size":"auto","background-attachment":"scroll","background-type":"","background-media":"","overlay-type":"","overlay-color":"","overlay-opacity":"","overlay-gradient":""},"mobile":{"background-color":"","background-image":"","background-repeat":"repeat","background-position":"center center","background-size":"auto","background-attachment":"scroll","background-type":"","background-media":"","overlay-type":"","overlay-color":"","overlay-opacity":"","overlay-gradient":""}},"ast-content-background-meta":{"desktop":{"background-color":"var(--ast-global-color-5)","background-image":"","background-repeat":"repeat","background-position":"center center","background-size":"auto","background-attachment":"scroll","background-type":"","background-media":"","overlay-type":"","overlay-color":"","overlay-opacity":"","overlay-gradient":""},"tablet":{"background-color":"var(--ast-global-color-5)","background-image":"","background-repeat":"repeat","background-position":"center center","background-size":"auto","background-attachment":"scroll","background-type":"","background-media":"","overlay-type":"","overlay-color":"","overlay-opacity":"","overlay-gradient":""},"mobile":{"background-color":"var(--ast-global-color-5)","background-image":"","background-repeat":"repeat","background-position":"center center","background-size":"auto","background-attachment":"scroll","background-type":"","background-media":"","overlay-type":"","overlay-color":"","overlay-opacity":"","overlay-gradient":""}},"footnotes":""},"class_list":["post-13937","page","type-page","status-publish","hentry"],"yoast_head":"<!-- This site is optimized with the Yoast SEO plugin v25.9 - https:\/\/yoast.com\/wordpress\/plugins\/seo\/ -->\n<title>Notre histoire - HOB BRAND<\/title>\n<meta name=\"robots\" content=\"index, follow, max-snippet:-1, max-image-preview:large, max-video-preview:-1\" \/>\n<link rel=\"canonical\" href=\"https:\/\/hobbrand.com\/en\/notre-histoire\/\" \/>\n<meta property=\"og:locale\" content=\"en_US\" \/>\n<meta property=\"og:type\" content=\"article\" \/>\n<meta property=\"og:title\" content=\"Notre histoire - HOB BRAND\" \/>\n<meta property=\"og:description\" content=\"Notre histoire LOVE, \u062d\u0628, AMOUR, \u05d0\u05d4\u05d1\u05d4, LIEBE, \u7231 HOB C\u2019est l\u2019histoire de deux amies qui ont cr\u00e9\u00e9 une marque n\u00e9e du mariage entre besoinet valeurs, une marque qui offre aux b\u00e9b\u00e9s des articles adapt\u00e9s tout en respectantnotre plan\u00e8te. Share the Love HOB 2 CARE Face \u00e0 ce monde rempli d\u2019in\u00e9galit\u00e9s sociales, face \u00e0 notre plan\u00e8te [&hellip;]\" \/>\n<meta property=\"og:url\" content=\"https:\/\/hobbrand.com\/en\/notre-histoire\/\" \/>\n<meta property=\"og:site_name\" content=\"HOB BRAND\" \/>\n<meta property=\"article:publisher\" content=\"https:\/\/web.facebook.com\/hobfeelgoods\/\" \/>\n<meta property=\"article:modified_time\" content=\"2023-01-24T10:29:17+00:00\" \/>\n<meta property=\"og:image\" content=\"https:\/\/hobbrand.com\/wp-content\/uploads\/2022\/11\/Hob-Team--1024x1024.png\" \/>\n<meta name=\"twitter:card\" content=\"summary_large_image\" \/>\n<meta name=\"twitter:label1\" content=\"Est. reading time\" \/>\n\t<meta name=\"twitter:data1\" content=\"3 minutes\" \/>\n<script type=\"application\/ld+json\" class=\"yoast-schema-graph\">{\"@context\":\"https:\/\/schema.org\",\"@graph\":[{\"@type\":\"WebPage\",\"@id\":\"https:\/\/hobbrand.com\/notre-histoire\/\",\"url\":\"https:\/\/hobbrand.com\/notre-histoire\/\",\"name\":\"Notre histoire - HOB BRAND\",\"isPartOf\":{\"@id\":\"https:\/\/hobbrand.com\/#website\"},\"primaryImageOfPage\":{\"@id\":\"https:\/\/hobbrand.com\/notre-histoire\/#primaryimage\"},\"image\":{\"@id\":\"https:\/\/hobbrand.com\/notre-histoire\/#primaryimage\"},\"thumbnailUrl\":\"https:\/\/hobbrand.com\/wp-content\/uploads\/2022\/11\/Hob-Team--1024x1024.png\",\"datePublished\":\"2022-08-31T11:21:31+00:00\",\"dateModified\":\"2023-01-24T10:29:17+00:00\",\"inLanguage\":\"en-US\",\"potentialAction\":[{\"@type\":\"ReadAction\",\"target\":[\"https:\/\/hobbrand.com\/notre-histoire\/\"]}]},{\"@type\":\"ImageObject\",\"inLanguage\":\"en-US\",\"@id\":\"https:\/\/hobbrand.com\/notre-histoire\/#primaryimage\",\"url\":\"https:\/\/hobbrand.com\/wp-content\/uploads\/2022\/11\/Hob-Team--1024x1024.png\",\"contentUrl\":\"https:\/\/hobbrand.com\/wp-content\/uploads\/2022\/11\/Hob-Team--1024x1024.png\"},{\"@type\":\"WebSite\",\"@id\":\"https:\/\/hobbrand.com\/#website\",\"url\":\"https:\/\/hobbrand.com\/\",\"name\":\"HOB BRAND\",\"description\":\"A BETTER START\",\"publisher\":{\"@id\":\"https:\/\/hobbrand.com\/#organization\"},\"potentialAction\":[{\"@type\":\"SearchAction\",\"target\":{\"@type\":\"EntryPoint\",\"urlTemplate\":\"https:\/\/hobbrand.com\/?s={search_term_string}\"},\"query-input\":{\"@type\":\"PropertyValueSpecification\",\"valueRequired\":true,\"valueName\":\"search_term_string\"}}],\"inLanguage\":\"en-US\"},{\"@type\":\"Organization\",\"@id\":\"https:\/\/hobbrand.com\/#organization\",\"name\":\"HOB BRAND\",\"url\":\"https:\/\/hobbrand.com\/\",\"logo\":{\"@type\":\"ImageObject\",\"inLanguage\":\"en-US\",\"@id\":\"https:\/\/hobbrand.com\/#\/schema\/logo\/image\/\",\"url\":\"https:\/\/hobbrand.com\/wp-content\/uploads\/2022\/11\/cropped-cropped-Logo_450_250.png\",\"contentUrl\":\"https:\/\/hobbrand.com\/wp-content\/uploads\/2022\/11\/cropped-cropped-Logo_450_250.png\",\"width\":450,\"height\":232,\"caption\":\"HOB BRAND\"},\"image\":{\"@id\":\"https:\/\/hobbrand.com\/#\/schema\/logo\/image\/\"},\"sameAs\":[\"https:\/\/web.facebook.com\/hobfeelgoods\/\",\"https:\/\/www.instagram.com\/hob_brand\/\"]}]}<\/script>\n<!-- \/ Yoast SEO plugin. -->","yoast_head_json":{"title":"Notre histoire - HOB BRAND","robots":{"index":"index","follow":"follow","max-snippet":"max-snippet:-1","max-image-preview":"max-image-preview:large","max-video-preview":"max-video-preview:-1"},"canonical":"https:\/\/hobbrand.com\/en\/notre-histoire\/","og_locale":"en_US","og_type":"article","og_title":"Notre histoire - HOB BRAND","og_description":"Notre histoire LOVE, \u062d\u0628, AMOUR, \u05d0\u05d4\u05d1\u05d4, LIEBE, \u7231 HOB C\u2019est l\u2019histoire de deux amies qui ont cr\u00e9\u00e9 une marque n\u00e9e du mariage entre besoinet valeurs, une marque qui offre aux b\u00e9b\u00e9s des articles adapt\u00e9s tout en respectantnotre plan\u00e8te. Share the Love HOB 2 CARE Face \u00e0 ce monde rempli d\u2019in\u00e9galit\u00e9s sociales, face \u00e0 notre plan\u00e8te [&hellip;]","og_url":"https:\/\/hobbrand.com\/en\/notre-histoire\/","og_site_name":"HOB BRAND","article_publisher":"https:\/\/web.facebook.com\/hobfeelgoods\/","article_modified_time":"2023-01-24T10:29:17+00:00","og_image":[{"url":"https:\/\/hobbrand.com\/wp-content\/uploads\/2022\/11\/Hob-Team--1024x1024.png","type":"","width":"","height":""}],"twitter_card":"summary_large_image","twitter_misc":{"Est. reading time":"3 minutes"},"schema":{"@context":"https:\/\/schema.org","@graph":[{"@type":"WebPage","@id":"https:\/\/hobbrand.com\/notre-histoire\/","url":"https:\/\/hobbrand.com\/notre-histoire\/","name":"Notre histoire - HOB BRAND","isPartOf":{"@id":"https:\/\/hobbrand.com\/#website"},"primaryImageOfPage":{"@id":"https:\/\/hobbrand.com\/notre-histoire\/#primaryimage"},"image":{"@id":"https:\/\/hobbrand.com\/notre-histoire\/#primaryimage"},"thumbnailUrl":"https:\/\/hobbrand.com\/wp-content\/uploads\/2022\/11\/Hob-Team--1024x1024.png","datePublished":"2022-08-31T11:21:31+00:00","dateModified":"2023-01-24T10:29:17+00:00","inLanguage":"en-US","potentialAction":[{"@type":"ReadAction","target":["https:\/\/hobbrand.com\/notre-histoire\/"]}]},{"@type":"ImageObject","inLanguage":"en-US","@id":"https:\/\/hobbrand.com\/notre-histoire\/#primaryimage","url":"https:\/\/hobbrand.com\/wp-content\/uploads\/2022\/11\/Hob-Team--1024x1024.png","contentUrl":"https:\/\/hobbrand.com\/wp-content\/uploads\/2022\/11\/Hob-Team--1024x1024.png"},{"@type":"WebSite","@id":"https:\/\/hobbrand.com\/#website","url":"https:\/\/hobbrand.com\/","name":"HOB BRAND","description":"A BETTER START","publisher":{"@id":"https:\/\/hobbrand.com\/#organization"},"potentialAction":[{"@type":"SearchAction","target":{"@type":"EntryPoint","urlTemplate":"https:\/\/hobbrand.com\/?s={search_term_string}"},"query-input":{"@type":"PropertyValueSpecification","valueRequired":true,"valueName":"search_term_string"}}],"inLanguage":"en-US"},{"@type":"Organization","@id":"https:\/\/hobbrand.com\/#organization","name":"HOB BRAND","url":"https:\/\/hobbrand.com\/","logo":{"@type":"ImageObject","inLanguage":"en-US","@id":"https:\/\/hobbrand.com\/#\/schema\/logo\/image\/","url":"https:\/\/hobbrand.com\/wp-content\/uploads\/2022\/11\/cropped-cropped-Logo_450_250.png","contentUrl":"https:\/\/hobbrand.com\/wp-content\/uploads\/2022\/11\/cropped-cropped-Logo_450_250.png","width":450,"height":232,"caption":"HOB BRAND"},"image":{"@id":"https:\/\/hobbrand.com\/#\/schema\/logo\/image\/"},"sameAs":["https:\/\/web.facebook.com\/hobfeelgoods\/","https:\/\/www.instagram.com\/hob_brand\/"]}]}},"uagb_featured_image_src":{"full":false,"thumbnail":false,"medium":false,"medium_large":false,"large":false,"1536x1536":false,"2048x2048":false,"trp-custom-language-flag":false,"depicter-thumbnail":false,"woocommerce_thumbnail":false,"woocommerce_single":false,"woocommerce_gallery_thumbnail":false},"uagb_author_info":{"display_name":"Hajar Nouari","author_link":"https:\/\/hobbrand.com\/en\/author\/hajar-nouari\/"},"uagb_comment_info":0,"uagb_excerpt":"Notre histoire LOVE, \u062d\u0628, AMOUR, \u05d0\u05d4\u05d1\u05d4, LIEBE, \u7231 HOB C\u2019est l\u2019histoire de deux amies qui ont cr\u00e9\u00e9 une marque n\u00e9e du mariage entre besoinet valeurs, une marque qui offre aux b\u00e9b\u00e9s des articles adapt\u00e9s tout en respectantnotre plan\u00e8te. Share the Love HOB 2 CARE Face \u00e0 ce monde rempli d\u2019in\u00e9galit\u00e9s sociales, face \u00e0 notre plan\u00e8te&hellip;","coauthors":[],"author_meta":{"author_link":"https:\/\/hobbrand.com\/en\/author\/hajar-nouari\/","display_name":"Hajar Nouari"},"relative_dates":{"created":"Posted 4 years ago","modified":"Updated 3 years ago"},"absolute_dates":{"created":"Posted on 31\/08\/2022","modified":"Updated on 24\/01\/2023"},"absolute_dates_time":{"created":"Posted on 31\/08\/2022 12:21","modified":"Updated on 24\/01\/2023 11:29"},"featured_img_caption":"","featured_img":false,"series_order":"","jetpack_sharing_enabled":true,"_links":{"self":[{"href":"https:\/\/hobbrand.com\/en\/wp-json\/wp\/v2\/pages\/13937","targetHints":{"allow":["GET"]}}],"collection":[{"href":"https:\/\/hobbrand.com\/en\/wp-json\/wp\/v2\/pages"}],"about":[{"href":"https:\/\/hobbrand.com\/en\/wp-json\/wp\/v2\/types\/page"}],"author":[{"embeddable":true,"href":"https:\/\/hobbrand.com\/en\/wp-json\/wp\/v2\/users\/200"}],"replies":[{"embeddable":true,"href":"https:\/\/hobbrand.com\/en\/wp-json\/wp\/v2\/comments?post=13937"}],"version-history":[{"count":5,"href":"https:\/\/hobbrand.com\/en\/wp-json\/wp\/v2\/pages\/13937\/revisions"}],"predecessor-version":[{"id":16940,"href":"https:\/\/hobbrand.com\/en\/wp-json\/wp\/v2\/pages\/13937\/revisions\/16940"}],"wp:attachment":[{"href":"https:\/\/hobbrand.com\/en\/wp-json\/wp\/v2\/media?parent=13937"}],"curies":[{"name":"wp","href":"https:\/\/api.w.org\/{rel}","templated":true}]}}